{"id":3268,"date":"2022-07-22T11:34:15","date_gmt":"2022-07-22T11:34:15","guid":{"rendered":"https:\/\/mywebsitesdemo.com\/VA\/afosfoundation\/was-wir-tun\/"},"modified":"2025-06-27T10:32:06","modified_gmt":"2025-06-27T10:32:06","slug":"was-wir-tun","status":"publish","type":"page","link":"https:\/\/afos-dev.q-con.eu\/de\/ueber-uns\/was-wir-tun\/","title":{"rendered":"Was wir tun"},"content":{"rendered":"\n<h2>Unternehmerische Entwicklungszusammenarbeit<\/h2>\n\n\n\n<div class=\"wp-container-5 wp-block-columns are-vertically-aligned-center\">\n<div class=\"wp-container-4 wp-block-column is-vertically-aligned-center\">\n<div class=\"wp-container-3 wp-block-columns\">\n<div class=\"wp-container-1 wp-block-column\">\n<h3>Wir f\u00f6rdern unternehmerische Initiativen auf drei Kontinenten<\/h3>\n\n\n\n<p>Gemeinsam mit dem Staat und der Zivilgesellschaft leisten Unternehmen einen essenziellen Beitrag zur L\u00f6sung der gro\u00dfen Herausforderungen unserer Zeit. Ohne die <strong>Beteiligung wirtschaftlicher Akteure wie Unternehmen, Kammern und Verb\u00e4nde <\/strong>ist die Erreichung der Agenda 2030 nicht m\u00f6glich.<\/p>\n\n\n\n<p>Mit mehr als <strong>20 Jahren Erfahrung<\/strong> in der erfolgreichen Projektumsetzung in Afrika, Asien und Lateinamerika, wissen wir, dass unternehmerische Initiative Wertsch\u00f6pfung, Einkommen und Arbeitspl\u00e4tze schafft.<\/p>\n\n\n\n<p>Durch das<strong> B\u00fcndeln von St\u00e4rken <\/strong>setzen wir uns &#8211; gemeinsam mit engagierten Unternehmen, Verb\u00e4nden und Akteuren des \u00f6ffentlichen Sektors &#8211; <strong>f\u00fcr ein unabh\u00e4ngiges und verantwortliches Unternehmertum<\/strong> ein.<\/p>\n<\/div>\n\n\n\n<div class=\"wp-container-2 wp-block-column\">\n<figure class=\"wp-block-image size-large\"><img src=\"https:\/\/afos-dev.q-con.eu\/wp-content\/uploads\/2022\/11\/Weltkarte_Flaggen_Website-2-1024x576.png\" alt=\"Unternehmerische Entwicklungszusammenarbeit der AFOS-Stiftung auf drei Kontinenten\" class=\"wp-image-3907\"\/><\/figure>\n<\/div>\n<\/div>\n<\/div>\n<\/div>\n\n\n\n<div class=\"wp-container-11 wp-block-columns are-vertically-aligned-center has-background\" style=\"background-color:#c0d16e\">\n<div class=\"wp-container-6 wp-block-column is-vertically-aligned-center\" style=\"flex-basis:33.33%\">\n<figure class=\"wp-block-image size-full\"><img loading=\"lazy\" width=\"800\" height=\"449\" src=\"https:\/\/afos-dev.q-con.eu\/wp-content\/uploads\/2023\/04\/DigiCapGhana.png\" alt=\"Unternehmerische Entwicklungszusammenarbeit in Afrika\" class=\"wp-image-4819\" srcset=\"https:\/\/afos-dev.q-con.eu\/wp-content\/uploads\/2023\/04\/DigiCapGhana.png 800w, https:\/\/afos-dev.q-con.eu\/wp-content\/uploads\/2023\/04\/DigiCapGhana-360x202.png 360w, https:\/\/afos-dev.q-con.eu\/wp-content\/uploads\/2023\/04\/DigiCapGhana-768x431.png 768w\" sizes=\"(max-width: 800px) 100vw, 800px\" \/><\/figure>\n\n\n<div class=\"wp-block-image\">\n<figure class=\"aligncenter size-full\"><img loading=\"lazy\" width=\"800\" height=\"450\" src=\"https:\/\/afos-dev.q-con.eu\/wp-content\/uploads\/2023\/04\/AFOS-Nigeria-2022.png\" alt=\"Unternehmerische Entwicklungszusammenarbeit und nachhaltiges Wirtschaften\" class=\"wp-image-4727\" srcset=\"https:\/\/afos-dev.q-con.eu\/wp-content\/uploads\/2023\/04\/AFOS-Nigeria-2022.png 800w, https:\/\/afos-dev.q-con.eu\/wp-content\/uploads\/2023\/04\/AFOS-Nigeria-2022-360x203.png 360w, https:\/\/afos-dev.q-con.eu\/wp-content\/uploads\/2023\/04\/AFOS-Nigeria-2022-768x432.png 768w\" sizes=\"(max-width: 800px) 100vw, 800px\" \/><\/figure><\/div><\/div>\n\n\n\n<div class=\"wp-container-10 wp-block-column is-vertically-aligned-center\" style=\"flex-basis:66.66%\">\n<div class=\"wp-container-9 is-vertical wp-block-group\">\n<div class=\"wp-container-8 wp-block-group\"><div class=\"wp-block-group__inner-container\">\n<div class=\"wp-container-7 is-vertical wp-block-group\">\n<h3>Die AFOS-Strategie f\u00fcr ein zukunftsf\u00e4higes Unternehmertum<\/h3>\n\n\n\n<p><strong>Gemeinsam mit Unternehmerinnen und Unternehmern<\/strong> in unseren Partnerl\u00e4ndern arbeiten wir daran, durch das <strong>Schaffen von Aus- und Fortbildungsm\u00f6glichkeiten <\/strong>Potenziale zu entfalten. <\/p>\n\n\n\n<ul class=\"has-background\" style=\"background-color:#c0d16e\"><li>Wir unterst\u00fctzen dabei, Strukturen zu etablieren, die<strong> nachhaltiges Wirtschaften<\/strong> erm\u00f6glichen und \u00f6konomische Perspektiven er\u00f6ffnen<\/li><li>Wir bauen gezielt <strong>strategische Partnerschaften <\/strong>mit Unternehmen, unternehmerischen Organisationen und (Aus-)Bildungseinrichtungen in Deutschland und in unseren Projektl\u00e4ndern auf<\/li><li>Wir leisten als AFOS einen wertvollen <strong>Beitrag zur Diskussion \u00fcber die Rolle von Unternehmen<\/strong> in der Entwicklungszusammenarbeit<\/li><li><strong>Wir agieren auf mehreren Ebenen <\/strong>(Unternehmen-Verb\u00e4nde-\u00d6ffentlicher Sektor)<\/li><\/ul>\n<\/div>\n<\/div><\/div>\n<\/div>\n<\/div>\n<\/div>\n\n\n\n<div class=\"wp-container-14 wp-block-columns\">\n<div class=\"wp-container-12 wp-block-column\" style=\"flex-basis:66.66%\">\n<h3>Perspektiven f\u00fcr junge Menschen vor Ort<\/h3>\n\n\n\n<p>Unsere Zielgruppe sind <strong>Jugendliche und junge Erwachsene, insbesondere Frauen<\/strong>, oft aus wirtschaftlich vernachl\u00e4ssigten Regionen mit hoher Arbeitslosigkeit. Durch berufliche Bildung und Qualifizierung werden sie darin unterst\u00fctzt, ihre <strong>Chancen auf eine dauerhafte Besch\u00e4ftigung<\/strong> zu erh\u00f6hen. Mit ihren Kompetenzen st\u00e4rken sie die Unternehmen, in denen sie arbeiten. Wir ermutigen auch zur Ideenentwicklung, dem Schritt in die Selbst\u00e4ndigkeit und damit zum Aufbau eigener Unternehmen.<\/p>\n<\/div>\n\n\n\n<div class=\"wp-container-13 wp-block-column\" style=\"flex-basis:50%\"><div class=\"wp-block-image\">\n<figure class=\"aligncenter size-full\"><img loading=\"lazy\" width=\"800\" height=\"533\" src=\"https:\/\/afos-dev.q-con.eu\/wp-content\/uploads\/2023\/04\/Facebook_Philippines_2017-1.png\" alt=\"AFOS Unternehmerische Entwicklungszusammenarbeit auf den Philippines 2017\" class=\"wp-image-4746\" srcset=\"https:\/\/afos-dev.q-con.eu\/wp-content\/uploads\/2023\/04\/Facebook_Philippines_2017-1.png 800w, https:\/\/afos-dev.q-con.eu\/wp-content\/uploads\/2023\/04\/Facebook_Philippines_2017-1-360x240.png 360w, https:\/\/afos-dev.q-con.eu\/wp-content\/uploads\/2023\/04\/Facebook_Philippines_2017-1-768x512.png 768w\" sizes=\"(max-width: 800px) 100vw, 800px\" \/><\/figure><\/div><\/div>\n<\/div>\n\n\n\n<div class=\"wp-container-18 wp-block-columns has-background\" style=\"background-color:#d2e6e9\">\n<div class=\"wp-container-15 wp-block-column is-vertically-aligned-center\" style=\"flex-basis:33.33%\"><div class=\"wp-block-image\">\n<figure class=\"aligncenter size-full\"><img loading=\"lazy\" width=\"600\" height=\"400\" src=\"https:\/\/afos-dev.q-con.eu\/wp-content\/uploads\/2023\/04\/AFOS-Columbia.png\" alt=\"Unternehmerische Entwicklungszusammenarbeit - nachhaltige Ausbildung und Besch\u00e4ftigung\" class=\"wp-image-4694\" srcset=\"https:\/\/afos-dev.q-con.eu\/wp-content\/uploads\/2023\/04\/AFOS-Columbia.png 600w, https:\/\/afos-dev.q-con.eu\/wp-content\/uploads\/2023\/04\/AFOS-Columbia-360x240.png 360w\" sizes=\"(max-width: 600px) 100vw, 600px\" \/><\/figure><\/div>\n\n<div class=\"wp-block-image\">\n<figure class=\"aligncenter size-full\"><img loading=\"lazy\" width=\"800\" height=\"534\" src=\"https:\/\/afos-dev.q-con.eu\/wp-content\/uploads\/2023\/04\/AFOS-Columbia-Meeting.png\" alt=\"Unternehmerische Entwicklungszusammenarbeit - Studien- und Informationsprogramme\" class=\"wp-image-4707\" srcset=\"https:\/\/afos-dev.q-con.eu\/wp-content\/uploads\/2023\/04\/AFOS-Columbia-Meeting.png 800w, https:\/\/afos-dev.q-con.eu\/wp-content\/uploads\/2023\/04\/AFOS-Columbia-Meeting-360x240.png 360w, https:\/\/afos-dev.q-con.eu\/wp-content\/uploads\/2023\/04\/AFOS-Columbia-Meeting-768x513.png 768w\" sizes=\"(max-width: 800px) 100vw, 800px\" \/><\/figure><\/div><\/div>\n\n\n\n<div class=\"wp-container-17 wp-block-column\" style=\"flex-basis:66.66%\">\n<div class=\"wp-container-16 is-vertical is-content-justification-left wp-block-group\">\n<h3>Wir teilen Fachwissen und mobilisieren Netzwerke<\/h3>\n\n\n\n<p>Wir unterst\u00fctzen verantwortliche<strong> Kleinunternehmen <\/strong>und aufstrebende kleine <strong>mittelst\u00e4ndische Unternehmen<\/strong> sowie <strong>Kammern und Verb\u00e4nde<\/strong> in unseren Partnerl\u00e4ndern durch die Bereitstellung von Fachwissen.<\/p>\n\n\n\n<ul><li><strong>Wir<\/strong> <strong>beraten <\/strong>sie auf ihrem Weg zu einem verantwortlichen Unternehmertum f\u00fcr eine zukunftsf\u00e4hige Welt<\/li><li><strong>Wir<\/strong> <strong>teilen <\/strong>unser breites Know-how im Bereich der (dualen) Berufs- und Weiterbildung<\/li><li><strong>Wir<\/strong> <strong>f\u00f6rdern<\/strong> den Zugang zu Mikrokrediten und Finanzdienstleistungen<\/li><li><strong>Wir<\/strong> <strong>st\u00e4rken<\/strong> die Selbstorganisation sowie die politische Interessenvertretung unserer Partner<\/li><li><strong>Wir<\/strong> <strong>schulen<\/strong> und beraten zu nachhaltiger Produktentwicklung, Marketing und Qualit\u00e4tssicherung sowie weiteren unternehmensrelevanten Themen<\/li><\/ul>\n\n\n\n<p>Dar\u00fcber hinaus begleiten wir die Arbeit im Ausland mit <strong>Studien- und Informationsprogrammen f\u00fcr Unternehmerinnen und Unternehmer<\/strong> aus unseren Partnerl\u00e4ndern. Wir organisieren Fachtagungen und Fortbildungsma\u00dfnahmen zum Thema unternehmerische Entwicklungszusammenarbeit.<\/p>\n<\/div>\n<\/div>\n<\/div>\n\n\n\n<p>Weitere<strong> Informationen \u00fcber das Potenzial von Entwicklungspartnerschaften<\/strong> mit der Privatwirtschaft, Kammern und Verb\u00e4nden finden Sie auf den Projektseiten des <a href=\"https:\/\/www.bmz.de\/de\/themen\/privatwirtschaft\">Bundesministeriums f\u00fcr wirtschaftliche Zusammenarbeit und Entwicklung<\/a>.<\/p>\n\n\n\n<div class=\"wp-container-19 is-content-justification-center wp-block-buttons\">\n<div class=\"wp-block-button\"><a class=\"wp-block-button__link has-background\" href=\"https:\/\/afos-dev.q-con.eu\/de\/ueber-uns\/unsere-vision\/\" style=\"background-color:#ce5c5e\">Vision und Werte der AFOS-Stiftung<\/a><\/div>\n<\/div>\n\n\n\n<p><\/p>\n\n\n\n<p><\/p>\n","protected":false},"excerpt":{"rendered":"<p>Unternehmerische Entwicklungszusammenarbeit Wir f\u00f6rdern unternehmerische Initiativen auf drei Kontinenten Gemeinsam mit dem Staat und der Zivilgesellschaft leisten Unternehmen einen essenziellen Beitrag zur L\u00f6sung der gro\u00dfen Herausforderungen unserer Zeit. Ohne die Beteiligung wirtschaftlicher Akteure wie Unternehmen, Kammern und Verb\u00e4nde ist die Erreichung der Agenda 2030 nicht m\u00f6glich. Mit mehr als 20 Jahren Erfahrung in der erfolgreichen [&hellip;]<\/p>\n","protected":false},"author":4,"featured_media":0,"parent":3798,"menu_order":0,"comment_status":"closed","ping_status":"closed","template":"what-we-do-page-template.php","meta":[],"acf":[],"yoast_head":"<!-- This site is optimized with the Yoast SEO plugin v19.5.1 - https:\/\/yoast.com\/wordpress\/plugins\/seo\/ -->\n<title>Unternehmerische Entwicklungszusammenarbeit<\/title>\n<meta name=\"description\" content=\"Durch Unternehmerische Entwicklungszusammenarbeit leistet AFOS einen essentiellen Beitrag zur L\u00f6sung der Herausforderungen unserer Zeit.\" \/>\n<meta name=\"robots\" content=\"index, follow, max-snippet:-1, max-image-preview:large, max-video-preview:-1\" \/>\n<link rel=\"canonical\" href=\"https:\/\/afos-dev.q-con.eu\/de\/ueber-uns\/was-wir-tun\/\" \/>\n<meta property=\"og:locale\" content=\"de_DE\" \/>\n<meta property=\"og:type\" content=\"article\" \/>\n<meta property=\"og:title\" content=\"Unternehmerische Entwicklungszusammenarbeit\" \/>\n<meta property=\"og:description\" content=\"Durch Unternehmerische Entwicklungszusammenarbeit leistet AFOS einen essentiellen Beitrag zur L\u00f6sung der Herausforderungen unserer Zeit.\" \/>\n<meta property=\"og:url\" content=\"https:\/\/afos-dev.q-con.eu\/de\/ueber-uns\/was-wir-tun\/\" \/>\n<meta property=\"og:site_name\" content=\"Afosfoundation\" \/>\n<meta property=\"article:modified_time\" content=\"2025-06-27T10:32:06+00:00\" \/>\n<meta property=\"og:image\" content=\"https:\/\/afos-dev.q-con.eu\/wp-content\/uploads\/2022\/11\/Weltkarte_Flaggen_Website-2-1024x576.png\" \/>\n<meta name=\"twitter:card\" content=\"summary_large_image\" \/>\n<meta name=\"twitter:label1\" content=\"Gesch\u00e4tzte Lesezeit\" \/>\n\t<meta name=\"twitter:data1\" content=\"3 Minuten\" \/>\n<script type=\"application\/ld+json\" class=\"yoast-schema-graph\">{\"@context\":\"https:\/\/schema.org\",\"@graph\":[{\"@type\":\"WebPage\",\"@id\":\"https:\/\/afos-dev.q-con.eu\/de\/ueber-uns\/was-wir-tun\/\",\"url\":\"https:\/\/afos-dev.q-con.eu\/de\/ueber-uns\/was-wir-tun\/\",\"name\":\"Unternehmerische Entwicklungszusammenarbeit\",\"isPartOf\":{\"@id\":\"https:\/\/afos-dev.q-con.eu\/de\/#website\"},\"datePublished\":\"2022-07-22T11:34:15+00:00\",\"dateModified\":\"2025-06-27T10:32:06+00:00\",\"description\":\"Durch Unternehmerische Entwicklungszusammenarbeit leistet AFOS einen essentiellen Beitrag zur L\u00f6sung der Herausforderungen unserer Zeit.\",\"breadcrumb\":{\"@id\":\"https:\/\/afos-dev.q-con.eu\/de\/ueber-uns\/was-wir-tun\/#breadcrumb\"},\"inLanguage\":\"de-DE\",\"potentialAction\":[{\"@type\":\"ReadAction\",\"target\":[\"https:\/\/afos-dev.q-con.eu\/de\/ueber-uns\/was-wir-tun\/\"]}]},{\"@type\":\"BreadcrumbList\",\"@id\":\"https:\/\/afos-dev.q-con.eu\/de\/ueber-uns\/was-wir-tun\/#breadcrumb\",\"itemListElement\":[{\"@type\":\"ListItem\",\"position\":1,\"name\":\"Home\",\"item\":\"https:\/\/afos-dev.q-con.eu\/de\/\"},{\"@type\":\"ListItem\",\"position\":2,\"name\":\"\u00dcber uns\",\"item\":\"https:\/\/afos-dev.q-con.eu\/de\/ueber-uns\/\"},{\"@type\":\"ListItem\",\"position\":3,\"name\":\"Was wir tun\"}]},{\"@type\":\"WebSite\",\"@id\":\"https:\/\/afos-dev.q-con.eu\/de\/#website\",\"url\":\"https:\/\/afos-dev.q-con.eu\/de\/\",\"name\":\"Afosfoundation\",\"description\":\"Afosfoundation\",\"publisher\":{\"@id\":\"https:\/\/afos-dev.q-con.eu\/de\/#organization\"},\"potentialAction\":[{\"@type\":\"SearchAction\",\"target\":{\"@type\":\"EntryPoint\",\"urlTemplate\":\"https:\/\/afos-dev.q-con.eu\/de\/?s={search_term_string}\"},\"query-input\":\"required name=search_term_string\"}],\"inLanguage\":\"de-DE\"},{\"@type\":\"Organization\",\"@id\":\"https:\/\/afos-dev.q-con.eu\/de\/#organization\",\"name\":\"Afosfoundation\",\"url\":\"https:\/\/afos-dev.q-con.eu\/de\/\",\"sameAs\":[],\"logo\":{\"@type\":\"ImageObject\",\"inLanguage\":\"de-DE\",\"@id\":\"https:\/\/afos-dev.q-con.eu\/de\/#\/schema\/logo\/image\/\",\"url\":\"https:\/\/afos-dev.q-con.eu\/wp-content\/uploads\/2023\/02\/cropped-Logo-AFOS-Website-1-1.png\",\"contentUrl\":\"https:\/\/afos-dev.q-con.eu\/wp-content\/uploads\/2023\/02\/cropped-Logo-AFOS-Website-1-1.png\",\"width\":300,\"height\":217,\"caption\":\"Afosfoundation\"},\"image\":{\"@id\":\"https:\/\/afos-dev.q-con.eu\/de\/#\/schema\/logo\/image\/\"}}]}<\/script>\n<!-- \/ Yoast SEO plugin. -->","yoast_head_json":{"title":"Unternehmerische Entwicklungszusammenarbeit","description":"Durch Unternehmerische Entwicklungszusammenarbeit leistet AFOS einen essentiellen Beitrag zur L\u00f6sung der Herausforderungen unserer Zeit.","robots":{"index":"index","follow":"follow","max-snippet":"max-snippet:-1","max-image-preview":"max-image-preview:large","max-video-preview":"max-video-preview:-1"},"canonical":"https:\/\/afos-dev.q-con.eu\/de\/ueber-uns\/was-wir-tun\/","og_locale":"de_DE","og_type":"article","og_title":"Unternehmerische Entwicklungszusammenarbeit","og_description":"Durch Unternehmerische Entwicklungszusammenarbeit leistet AFOS einen essentiellen Beitrag zur L\u00f6sung der Herausforderungen unserer Zeit.","og_url":"https:\/\/afos-dev.q-con.eu\/de\/ueber-uns\/was-wir-tun\/","og_site_name":"Afosfoundation","article_modified_time":"2025-06-27T10:32:06+00:00","og_image":[{"url":"https:\/\/afos-dev.q-con.eu\/wp-content\/uploads\/2022\/11\/Weltkarte_Flaggen_Website-2-1024x576.png"}],"twitter_card":"summary_large_image","twitter_misc":{"Gesch\u00e4tzte Lesezeit":"3 Minuten"},"schema":{"@context":"https:\/\/schema.org","@graph":[{"@type":"WebPage","@id":"https:\/\/afos-dev.q-con.eu\/de\/ueber-uns\/was-wir-tun\/","url":"https:\/\/afos-dev.q-con.eu\/de\/ueber-uns\/was-wir-tun\/","name":"Unternehmerische Entwicklungszusammenarbeit","isPartOf":{"@id":"https:\/\/afos-dev.q-con.eu\/de\/#website"},"datePublished":"2022-07-22T11:34:15+00:00","dateModified":"2025-06-27T10:32:06+00:00","description":"Durch Unternehmerische Entwicklungszusammenarbeit leistet AFOS einen essentiellen Beitrag zur L\u00f6sung der Herausforderungen unserer Zeit.","breadcrumb":{"@id":"https:\/\/afos-dev.q-con.eu\/de\/ueber-uns\/was-wir-tun\/#breadcrumb"},"inLanguage":"de-DE","potentialAction":[{"@type":"ReadAction","target":["https:\/\/afos-dev.q-con.eu\/de\/ueber-uns\/was-wir-tun\/"]}]},{"@type":"BreadcrumbList","@id":"https:\/\/afos-dev.q-con.eu\/de\/ueber-uns\/was-wir-tun\/#breadcrumb","itemListElement":[{"@type":"ListItem","position":1,"name":"Home","item":"https:\/\/afos-dev.q-con.eu\/de\/"},{"@type":"ListItem","position":2,"name":"\u00dcber uns","item":"https:\/\/afos-dev.q-con.eu\/de\/ueber-uns\/"},{"@type":"ListItem","position":3,"name":"Was wir tun"}]},{"@type":"WebSite","@id":"https:\/\/afos-dev.q-con.eu\/de\/#website","url":"https:\/\/afos-dev.q-con.eu\/de\/","name":"Afosfoundation","description":"Afosfoundation","publisher":{"@id":"https:\/\/afos-dev.q-con.eu\/de\/#organization"},"potentialAction":[{"@type":"SearchAction","target":{"@type":"EntryPoint","urlTemplate":"https:\/\/afos-dev.q-con.eu\/de\/?s={search_term_string}"},"query-input":"required name=search_term_string"}],"inLanguage":"de-DE"},{"@type":"Organization","@id":"https:\/\/afos-dev.q-con.eu\/de\/#organization","name":"Afosfoundation","url":"https:\/\/afos-dev.q-con.eu\/de\/","sameAs":[],"logo":{"@type":"ImageObject","inLanguage":"de-DE","@id":"https:\/\/afos-dev.q-con.eu\/de\/#\/schema\/logo\/image\/","url":"https:\/\/afos-dev.q-con.eu\/wp-content\/uploads\/2023\/02\/cropped-Logo-AFOS-Website-1-1.png","contentUrl":"https:\/\/afos-dev.q-con.eu\/wp-content\/uploads\/2023\/02\/cropped-Logo-AFOS-Website-1-1.png","width":300,"height":217,"caption":"Afosfoundation"},"image":{"@id":"https:\/\/afos-dev.q-con.eu\/de\/#\/schema\/logo\/image\/"}}]}},"_links":{"self":[{"href":"https:\/\/afos-dev.q-con.eu\/de\/wp-json\/wp\/v2\/pages\/3268"}],"collection":[{"href":"https:\/\/afos-dev.q-con.eu\/de\/wp-json\/wp\/v2\/pages"}],"about":[{"href":"https:\/\/afos-dev.q-con.eu\/de\/wp-json\/wp\/v2\/types\/page"}],"author":[{"embeddable":true,"href":"https:\/\/afos-dev.q-con.eu\/de\/wp-json\/wp\/v2\/users\/4"}],"replies":[{"embeddable":true,"href":"https:\/\/afos-dev.q-con.eu\/de\/wp-json\/wp\/v2\/comments?post=3268"}],"version-history":[{"count":2,"href":"https:\/\/afos-dev.q-con.eu\/de\/wp-json\/wp\/v2\/pages\/3268\/revisions"}],"predecessor-version":[{"id":7233,"href":"https:\/\/afos-dev.q-con.eu\/de\/wp-json\/wp\/v2\/pages\/3268\/revisions\/7233"}],"up":[{"embeddable":true,"href":"https:\/\/afos-dev.q-con.eu\/de\/wp-json\/wp\/v2\/pages\/3798"}],"wp:attachment":[{"href":"https:\/\/afos-dev.q-con.eu\/de\/wp-json\/wp\/v2\/media?parent=3268"}],"curies":[{"name":"wp","href":"https:\/\/api.w.org\/{rel}","templated":true}]}}