{"id":3283,"date":"2022-07-25T06:48:45","date_gmt":"2022-07-25T06:48:45","guid":{"rendered":"https:\/\/mywebsitesdemo.com\/VA\/afosfoundation\/unsere-vision\/"},"modified":"2023-07-28T06:51:43","modified_gmt":"2023-07-28T06:51:43","slug":"unsere-vision","status":"publish","type":"page","link":"https:\/\/afos-dev.q-con.eu\/de\/ueber-uns\/unsere-vision\/","title":{"rendered":"Vision und Werte"},"content":{"rendered":"\n<div class=\"wp-container-3 wp-block-columns\">\n<div class=\"wp-container-1 wp-block-column\">\n<h2>Wir f\u00f6rdern unternehmerische Verantwortung f\u00fcr eine zukunftsf\u00e4hige Welt<\/h2>\n\n\n\n<p>Wir sind \u00fcberzeugt, dass die F\u00f6rderung eines verantwortlichen Unternehmertums durch <a href=\"https:\/\/afos-dev.q-con.eu\/de\/ueber-uns\/was-wir-tun\/\">unternehmerische Entwicklungszusammenarbeit<strong> <\/strong><\/a><strong>langfristig wirtschaftlich nachhaltige, stabile Lebensbedingungen und soziale Gerechtigkeit<\/strong> f\u00fcr alle Menschen erm\u00f6glicht. Die <em>Agenda 2030<\/em> soll kein Zukunftstraum bleiben. Wir setzen uns aktiv f\u00fcr die Erreichung der UN <em>Sustainable Development Goals (SDG)<\/em> ein. <\/p>\n\n\n\n<h3>Um unsere Vision einer zukunftsf\u00e4higen Welt real werden zu lassen, orientieren wir uns an den folgenden Werten:<\/h3>\n<\/div>\n\n\n\n<div class=\"wp-container-2 wp-block-column\"><div class=\"wp-block-image\">\n<figure class=\"aligncenter size-full\"><img loading=\"lazy\" width=\"1000\" height=\"500\" src=\"https:\/\/afos-dev.q-con.eu\/wp-content\/uploads\/2023\/07\/agenda-2030-titel.jpg\" alt=\"Vision und Werte der AFOS-Stiftung: Die Erreichung der Agenda 2030\" class=\"wp-image-5641\" srcset=\"https:\/\/afos-dev.q-con.eu\/wp-content\/uploads\/2023\/07\/agenda-2030-titel.jpg 1000w, https:\/\/afos-dev.q-con.eu\/wp-content\/uploads\/2023\/07\/agenda-2030-titel-360x180.jpg 360w, https:\/\/afos-dev.q-con.eu\/wp-content\/uploads\/2023\/07\/agenda-2030-titel-768x384.jpg 768w\" sizes=\"(max-width: 1000px) 100vw, 1000px\" \/><figcaption>Die Agenda 2030 <\/figcaption><\/figure><\/div><\/div>\n<\/div>\n\n\n\n<div class=\"wp-container-6 wp-block-columns has-background\" style=\"background-color:#c0d16e\">\n<div class=\"wp-container-4 wp-block-column\">\n<h4>F\u00fcr ein unabh\u00e4ngiges und verantwortliches Unternehmertum<\/h4>\n\n\n\n<p>Wir verstehen unternehmerisches Handeln als <strong>Beitrag zum Gemeinwohl<\/strong>, das von den einzelnen Unternehmerinnen und Unternehmern die <strong>Anerkennung ihrer gesellschaftlichen Verpflichtung<\/strong> verlangt. Dabei setzen wir oftmals auch bei der beruflichen Ausbildung an.<\/p>\n\n\n\n<p>Privateigentum, Privatinitiative und Privatautonomie sind f\u00fcr uns Grundlage und Voraussetzung unternehmerischen Wirtschaftens. Wir unterst\u00fctzen die <a href=\"http:\/\/globalcompact.de\" target=\"_blank\" rel=\"noreferrer noopener\">Initiative der Vereinten Nationen f\u00fcr nachhaltige und verantwortungsvolle Unternehmensf\u00fchrung<\/a>. <\/p>\n<\/div>\n\n\n\n<div class=\"wp-container-5 wp-block-column\"><div class=\"wp-block-image\">\n<figure class=\"aligncenter size-full\"><img loading=\"lazy\" width=\"1000\" height=\"666\" src=\"https:\/\/afos-dev.q-con.eu\/wp-content\/uploads\/2023\/03\/nigeria-unabgaengiges-Unternehmertum.jpg\" alt=\"Vision und Werte der AFOS-Stiftung: F\u00fcr ein unabh\u00e4ngiges und verantwortliches Unternehmertum\" class=\"wp-image-4616\" srcset=\"https:\/\/afos-dev.q-con.eu\/wp-content\/uploads\/2023\/03\/nigeria-unabgaengiges-Unternehmertum.jpg 1000w, https:\/\/afos-dev.q-con.eu\/wp-content\/uploads\/2023\/03\/nigeria-unabgaengiges-Unternehmertum-360x240.jpg 360w, https:\/\/afos-dev.q-con.eu\/wp-content\/uploads\/2023\/03\/nigeria-unabgaengiges-Unternehmertum-768x511.jpg 768w\" sizes=\"(max-width: 1000px) 100vw, 1000px\" \/><\/figure><\/div><\/div>\n<\/div>\n\n\n\n<div class=\"wp-container-9 wp-block-columns\">\n<div class=\"wp-container-7 wp-block-column\"><div class=\"wp-block-image\">\n<figure class=\"aligncenter size-full\"><img loading=\"lazy\" width=\"1000\" height=\"667\" src=\"https:\/\/afos-dev.q-con.eu\/wp-content\/uploads\/2023\/03\/ph_memorandum-of-understanding-1.png\" alt=\"Vision und Werte der AFOS-Stiftung: Die Selbstbestimmung unserer Partner\" class=\"wp-image-4608\" srcset=\"https:\/\/afos-dev.q-con.eu\/wp-content\/uploads\/2023\/03\/ph_memorandum-of-understanding-1.png 1000w, https:\/\/afos-dev.q-con.eu\/wp-content\/uploads\/2023\/03\/ph_memorandum-of-understanding-1-360x240.png 360w, https:\/\/afos-dev.q-con.eu\/wp-content\/uploads\/2023\/03\/ph_memorandum-of-understanding-1-768x512.png 768w\" sizes=\"(max-width: 1000px) 100vw, 1000px\" \/><\/figure><\/div><\/div>\n\n\n\n<div class=\"wp-container-8 wp-block-column\">\n<h4>Die Selbstbestimmung unserer Partner<\/h4>\n\n\n\n<p>Wir arbeiten mit starken und engagierten Partnern zusammen, deren<strong> Interessen, Bed\u00fcrfnisse, Selbstbestimmung und Eigenverantwortung <\/strong>f\u00fcr uns immer<strong> im Mittelpunkt<\/strong> stehen. In enger Zusammenarbeit entwerfen wir Programme zur F\u00f6rderung einer bedarfsorientierten Ausbildung sowie eines nachhaltigen und verantwortlichen Unternehmertums. Diese s setzen wir gemeinsam um.<\/p>\n<\/div>\n<\/div>\n\n\n\n<div class=\"wp-container-12 wp-block-columns has-background\" style=\"background-color:#d2e6e9\">\n<div class=\"wp-container-10 wp-block-column\">\n<h4>Wirtschaftlich effizient, sozial gerecht und \u00f6kologisch tragf\u00e4hig<\/h4>\n\n\n\n<p>Uns ist wichtig, dass unsere Partner bei ihrer Arbeit die <strong>Prinzipien der Nachhaltigkei<\/strong>t beherzigen und diese gleichberechtigt beachtet werden. Von uns unterst\u00fctzte Projekte sollen <strong>wirtschaftlich effizient, sozial gerecht und \u00f6kologisch tragf\u00e4hig <\/strong>sein, auch entlang ihrer Wertsch\u00f6pfungsketten. Die Chancen zuk\u00fcnftiger Generationen d\u00fcrfen durch unser Wirken nicht eingeschr\u00e4nkt werden.<\/p>\n<\/div>\n\n\n\n<div class=\"wp-container-11 wp-block-column\"><div class=\"wp-block-image\">\n<figure class=\"aligncenter size-full\"><img loading=\"lazy\" width=\"1000\" height=\"750\" src=\"https:\/\/afos-dev.q-con.eu\/wp-content\/uploads\/2023\/03\/Mexiko-Agrar-2.jpg\" alt=\"Vision und Werte der AFOS-Stiftung:  Wirtschaftlich effizient, sozial gerecht und \u00f6kologisch tragf\u00e4hig\" class=\"wp-image-4605\" srcset=\"https:\/\/afos-dev.q-con.eu\/wp-content\/uploads\/2023\/03\/Mexiko-Agrar-2.jpg 1000w, https:\/\/afos-dev.q-con.eu\/wp-content\/uploads\/2023\/03\/Mexiko-Agrar-2-360x270.jpg 360w, https:\/\/afos-dev.q-con.eu\/wp-content\/uploads\/2023\/03\/Mexiko-Agrar-2-768x576.jpg 768w\" sizes=\"(max-width: 1000px) 100vw, 1000px\" \/><\/figure><\/div><\/div>\n<\/div>\n\n\n\n<div class=\"wp-container-15 wp-block-columns\">\n<div class=\"wp-container-13 wp-block-column\"><div class=\"wp-block-image\">\n<figure class=\"aligncenter size-full\"><img loading=\"lazy\" width=\"1000\" height=\"666\" src=\"https:\/\/afos-dev.q-con.eu\/wp-content\/uploads\/2023\/03\/nigeria-menschenwuerde.jpg\" alt=\"Vision und Werte der AFOS-Stiftung: Menschenw\u00fcrdige Arbeitsbedingungen\" class=\"wp-image-4612\" srcset=\"https:\/\/afos-dev.q-con.eu\/wp-content\/uploads\/2023\/03\/nigeria-menschenwuerde.jpg 1000w, https:\/\/afos-dev.q-con.eu\/wp-content\/uploads\/2023\/03\/nigeria-menschenwuerde-360x240.jpg 360w, https:\/\/afos-dev.q-con.eu\/wp-content\/uploads\/2023\/03\/nigeria-menschenwuerde-768x511.jpg 768w\" sizes=\"(max-width: 1000px) 100vw, 1000px\" \/><\/figure><\/div><\/div>\n\n\n\n<div class=\"wp-container-14 wp-block-column\">\n<h4>Menschenw\u00fcrdige Arbeitsbedingungen<\/h4>\n\n\n\n<p>Im<strong> Umgang mit Mitarbeitenden<\/strong> w\u00fcnschen wir uns eine Orientierung an den <a href=\"https:\/\/www.ilo.org\/berlin\/arbeitsfelder\/kinderarbeit\/WCMS_627790\/lang--de\/index.htm\" target=\"_blank\" rel=\"noreferrer noopener\">Standards der Internationalen Arbeitsorganisation (ILO)<\/a>, die ein fester Bestandteil der UN-Nachhaltigkeitsagenda sind. Wir erwarten von den mit uns zusammenarbeitenden Unternehmen, dass sie sich f\u00fcr ein <strong>gerechtes Einkommen, Sicherheit am Arbeitsplatz, Soziale Absicherung <\/strong>f\u00fcr Familien<strong> <\/strong>und Chancengleichheit einsetzen. Wir legen einen gro\u00dfen Wert auf die <strong>Gleichberechtigung von M\u00e4dchen und Frauen<\/strong>.<\/p>\n<\/div>\n<\/div>\n\n\n\n<div class=\"wp-container-18 wp-block-columns has-background\" style=\"background-color:#c0d16e\">\n<div class=\"wp-container-16 wp-block-column\">\n<h4>Globale Solidarit\u00e4t<\/h4>\n\n\n\n<p>Wir setzen uns ein f\u00fcr eine <strong>globale Solidarit\u00e4t mit den Armen<\/strong> und eine Weltwirtschaft, die <strong>faire Rahmenbedingungen<\/strong> und einen fairen Wettbewerb f\u00fcr alle zul\u00e4sst. Nur so k\u00f6nnen m\u00f6glichst viele Menschen vom unternehmerischen Handeln profitieren.<\/p>\n\n\n\n<p>Wo immer m\u00f6glich, vernetzen wir uns mit anderen Organisationen der Entwicklungszusammenarbeit. <strong>Wir b\u00fcndeln unsere St\u00e4rken<\/strong>, um Perspektiven zu er\u00f6ffnen und eine Teilhabe m\u00f6glichst vieler Menschen zu erreichen.<\/p>\n<\/div>\n\n\n\n<div class=\"wp-container-17 wp-block-column\"><div class=\"wp-block-image\">\n<figure class=\"aligncenter size-full\"><img loading=\"lazy\" width=\"1000\" height=\"562\" src=\"https:\/\/afos-dev.q-con.eu\/wp-content\/uploads\/2023\/03\/closeup-diverse-people-joining-their-hands_53876-96081.png\" alt=\"Vision und Werte der AFOS-Stiftung: Globale Solidarit\u00e4t\" class=\"wp-image-4620\" srcset=\"https:\/\/afos-dev.q-con.eu\/wp-content\/uploads\/2023\/03\/closeup-diverse-people-joining-their-hands_53876-96081.png 1000w, https:\/\/afos-dev.q-con.eu\/wp-content\/uploads\/2023\/03\/closeup-diverse-people-joining-their-hands_53876-96081-360x202.png 360w, https:\/\/afos-dev.q-con.eu\/wp-content\/uploads\/2023\/03\/closeup-diverse-people-joining-their-hands_53876-96081-768x432.png 768w\" sizes=\"(max-width: 1000px) 100vw, 1000px\" \/><\/figure><\/div><\/div>\n<\/div>\n\n\n\n<p><\/p>\n\n\n\n<h3>Mit unserer Arbeit leisten wir einen Beitrag zur Erreichung der folgenden UN Nachhaltigkeitszielen, den Sustainable Development Goals (SDG):<\/h3>\n\n\n\n<figure class=\"wp-container-20 wp-block-gallery-19 wp-block-gallery has-nested-images columns-6 is-cropped\">\n<figure class=\"wp-block-image size-large\"><img loading=\"lazy\" width=\"886\" height=\"886\" data-id=\"5663\"  src=\"https:\/\/afos-dev.q-con.eu\/wp-content\/uploads\/2023\/07\/SDG-icon-DE-01-1.jpg\" alt=\"\" class=\"wp-image-5663\" srcset=\"https:\/\/afos-dev.q-con.eu\/wp-content\/uploads\/2023\/07\/SDG-icon-DE-01-1.jpg 886w, https:\/\/afos-dev.q-con.eu\/wp-content\/uploads\/2023\/07\/SDG-icon-DE-01-1-360x360.jpg 360w, https:\/\/afos-dev.q-con.eu\/wp-content\/uploads\/2023\/07\/SDG-icon-DE-01-1-150x150.jpg 150w, https:\/\/afos-dev.q-con.eu\/wp-content\/uploads\/2023\/07\/SDG-icon-DE-01-1-768x768.jpg 768w, https:\/\/afos-dev.q-con.eu\/wp-content\/uploads\/2023\/07\/SDG-icon-DE-01-1-242x242.jpg 242w\" sizes=\"(max-width: 886px) 100vw, 886px\" \/><\/figure>\n\n\n\n<figure class=\"wp-block-image size-large\"><img loading=\"lazy\" width=\"886\" height=\"886\" data-id=\"5659\"  src=\"https:\/\/afos-dev.q-con.eu\/wp-content\/uploads\/2023\/07\/SDG-icon-DE-02.jpg\" alt=\"\" class=\"wp-image-5659\" srcset=\"https:\/\/afos-dev.q-con.eu\/wp-content\/uploads\/2023\/07\/SDG-icon-DE-02.jpg 886w, https:\/\/afos-dev.q-con.eu\/wp-content\/uploads\/2023\/07\/SDG-icon-DE-02-360x360.jpg 360w, https:\/\/afos-dev.q-con.eu\/wp-content\/uploads\/2023\/07\/SDG-icon-DE-02-150x150.jpg 150w, https:\/\/afos-dev.q-con.eu\/wp-content\/uploads\/2023\/07\/SDG-icon-DE-02-768x768.jpg 768w, https:\/\/afos-dev.q-con.eu\/wp-content\/uploads\/2023\/07\/SDG-icon-DE-02-242x242.jpg 242w\" sizes=\"(max-width: 886px) 100vw, 886px\" \/><\/figure>\n\n\n\n<figure class=\"wp-block-image size-large\"><img loading=\"lazy\" width=\"886\" height=\"886\" data-id=\"5665\"  src=\"https:\/\/afos-dev.q-con.eu\/wp-content\/uploads\/2023\/07\/SDG-icon-DE-04.jpg\" alt=\"\" class=\"wp-image-5665\" srcset=\"https:\/\/afos-dev.q-con.eu\/wp-content\/uploads\/2023\/07\/SDG-icon-DE-04.jpg 886w, https:\/\/afos-dev.q-con.eu\/wp-content\/uploads\/2023\/07\/SDG-icon-DE-04-360x360.jpg 360w, https:\/\/afos-dev.q-con.eu\/wp-content\/uploads\/2023\/07\/SDG-icon-DE-04-150x150.jpg 150w, https:\/\/afos-dev.q-con.eu\/wp-content\/uploads\/2023\/07\/SDG-icon-DE-04-768x768.jpg 768w, https:\/\/afos-dev.q-con.eu\/wp-content\/uploads\/2023\/07\/SDG-icon-DE-04-242x242.jpg 242w\" sizes=\"(max-width: 886px) 100vw, 886px\" \/><\/figure>\n\n\n\n<figure class=\"wp-block-image size-large\"><img loading=\"lazy\" width=\"886\" height=\"886\" data-id=\"5671\"  src=\"https:\/\/afos-dev.q-con.eu\/wp-content\/uploads\/2023\/07\/SDG-icon-DE-08.jpg\" alt=\"\" class=\"wp-image-5671\" srcset=\"https:\/\/afos-dev.q-con.eu\/wp-content\/uploads\/2023\/07\/SDG-icon-DE-08.jpg 886w, https:\/\/afos-dev.q-con.eu\/wp-content\/uploads\/2023\/07\/SDG-icon-DE-08-360x360.jpg 360w, https:\/\/afos-dev.q-con.eu\/wp-content\/uploads\/2023\/07\/SDG-icon-DE-08-150x150.jpg 150w, https:\/\/afos-dev.q-con.eu\/wp-content\/uploads\/2023\/07\/SDG-icon-DE-08-768x768.jpg 768w, https:\/\/afos-dev.q-con.eu\/wp-content\/uploads\/2023\/07\/SDG-icon-DE-08-242x242.jpg 242w\" sizes=\"(max-width: 886px) 100vw, 886px\" \/><\/figure>\n\n\n\n<figure class=\"wp-block-image size-large\"><img loading=\"lazy\" width=\"886\" height=\"886\" data-id=\"5677\"  src=\"https:\/\/afos-dev.q-con.eu\/wp-content\/uploads\/2023\/07\/SDG-icon-DE-09.jpg\" alt=\"\" class=\"wp-image-5677\" srcset=\"https:\/\/afos-dev.q-con.eu\/wp-content\/uploads\/2023\/07\/SDG-icon-DE-09.jpg 886w, https:\/\/afos-dev.q-con.eu\/wp-content\/uploads\/2023\/07\/SDG-icon-DE-09-360x360.jpg 360w, https:\/\/afos-dev.q-con.eu\/wp-content\/uploads\/2023\/07\/SDG-icon-DE-09-150x150.jpg 150w, https:\/\/afos-dev.q-con.eu\/wp-content\/uploads\/2023\/07\/SDG-icon-DE-09-768x768.jpg 768w, https:\/\/afos-dev.q-con.eu\/wp-content\/uploads\/2023\/07\/SDG-icon-DE-09-242x242.jpg 242w\" sizes=\"(max-width: 886px) 100vw, 886px\" \/><\/figure>\n\n\n\n<figure class=\"wp-block-image size-large\"><img loading=\"lazy\" width=\"886\" height=\"886\" data-id=\"5679\"  src=\"https:\/\/afos-dev.q-con.eu\/wp-content\/uploads\/2023\/07\/SDG-icon-DE-12.jpg\" alt=\"\" class=\"wp-image-5679\" srcset=\"https:\/\/afos-dev.q-con.eu\/wp-content\/uploads\/2023\/07\/SDG-icon-DE-12.jpg 886w, https:\/\/afos-dev.q-con.eu\/wp-content\/uploads\/2023\/07\/SDG-icon-DE-12-360x360.jpg 360w, https:\/\/afos-dev.q-con.eu\/wp-content\/uploads\/2023\/07\/SDG-icon-DE-12-150x150.jpg 150w, https:\/\/afos-dev.q-con.eu\/wp-content\/uploads\/2023\/07\/SDG-icon-DE-12-768x768.jpg 768w, https:\/\/afos-dev.q-con.eu\/wp-content\/uploads\/2023\/07\/SDG-icon-DE-12-242x242.jpg 242w\" sizes=\"(max-width: 886px) 100vw, 886px\" \/><\/figure>\n<\/figure>\n\n\n\n<p class=\"has-background\" style=\"background-color:#d7cae300\"><em>Aus Gr\u00fcnden der besseren Lesbarkeit wird auf die gleichzeitige Verwendung der Sprachformen m\u00e4nnlich, weiblich und divers (m\/w\/d) verzichtet. S\u00e4mtliche Personenbezeichnungen gelten gleicherma\u00dfen f\u00fcr alle Geschlechter.<\/em>&nbsp;<\/p>\n","protected":false},"excerpt":{"rendered":"<p>Wir f\u00f6rdern unternehmerische Verantwortung f\u00fcr eine zukunftsf\u00e4hige Welt Wir sind \u00fcberzeugt, dass die F\u00f6rderung eines verantwortlichen Unternehmertums durch unternehmerische Entwicklungszusammenarbeit langfristig wirtschaftlich nachhaltige, stabile Lebensbedingungen und soziale Gerechtigkeit f\u00fcr alle Menschen erm\u00f6glicht. Die Agenda 2030 soll kein Zukunftstraum bleiben. Wir setzen uns aktiv f\u00fcr die Erreichung der UN Sustainable Development Goals (SDG) ein. Um unsere [&hellip;]<\/p>\n","protected":false},"author":4,"featured_media":0,"parent":3798,"menu_order":0,"comment_status":"closed","ping_status":"closed","template":"","meta":[],"acf":[],"yoast_head":"<!-- This site is optimized with the Yoast SEO plugin v19.5.1 - https:\/\/yoast.com\/wordpress\/plugins\/seo\/ -->\n<title>Vision und Werte der AFOS-Stiftung<\/title>\n<meta name=\"description\" content=\"AFOS f\u00f6rdert unternehmerische Verantwortung f\u00fcr eine zukunftsf\u00e4hige Welt. Diese Werte leiten uns dabei unsere Vision wahr werden zu lassen.\" \/>\n<meta name=\"robots\" content=\"index, follow, max-snippet:-1, max-image-preview:large, max-video-preview:-1\" \/>\n<link rel=\"canonical\" href=\"https:\/\/afos-dev.q-con.eu\/de\/ueber-uns\/unsere-vision\/\" \/>\n<meta property=\"og:locale\" content=\"de_DE\" \/>\n<meta property=\"og:type\" content=\"article\" \/>\n<meta property=\"og:title\" content=\"Vision und Werte der AFOS-Stiftung\" \/>\n<meta property=\"og:description\" content=\"AFOS f\u00f6rdert unternehmerische Verantwortung f\u00fcr eine zukunftsf\u00e4hige Welt. Diese Werte leiten uns dabei unsere Vision wahr werden zu lassen.\" \/>\n<meta property=\"og:url\" content=\"https:\/\/afos-dev.q-con.eu\/de\/ueber-uns\/unsere-vision\/\" \/>\n<meta property=\"og:site_name\" content=\"Afosfoundation\" \/>\n<meta property=\"article:modified_time\" content=\"2023-07-28T06:51:43+00:00\" \/>\n<meta property=\"og:image\" content=\"https:\/\/afos-dev.q-con.eu\/wp-content\/uploads\/2023\/07\/agenda-2030-titel.jpg\" \/>\n<meta name=\"twitter:card\" content=\"summary_large_image\" \/>\n<meta name=\"twitter:label1\" content=\"Gesch\u00e4tzte Lesezeit\" \/>\n\t<meta name=\"twitter:data1\" content=\"5 Minuten\" \/>\n<script type=\"application\/ld+json\" class=\"yoast-schema-graph\">{\"@context\":\"https:\/\/schema.org\",\"@graph\":[{\"@type\":\"WebPage\",\"@id\":\"https:\/\/afos-dev.q-con.eu\/de\/ueber-uns\/unsere-vision\/\",\"url\":\"https:\/\/afos-dev.q-con.eu\/de\/ueber-uns\/unsere-vision\/\",\"name\":\"Vision und Werte der AFOS-Stiftung\",\"isPartOf\":{\"@id\":\"https:\/\/afos-dev.q-con.eu\/de\/#website\"},\"datePublished\":\"2022-07-25T06:48:45+00:00\",\"dateModified\":\"2023-07-28T06:51:43+00:00\",\"description\":\"AFOS f\u00f6rdert unternehmerische Verantwortung f\u00fcr eine zukunftsf\u00e4hige Welt. Diese Werte leiten uns dabei unsere Vision wahr werden zu lassen.\",\"breadcrumb\":{\"@id\":\"https:\/\/afos-dev.q-con.eu\/de\/ueber-uns\/unsere-vision\/#breadcrumb\"},\"inLanguage\":\"de-DE\",\"potentialAction\":[{\"@type\":\"ReadAction\",\"target\":[\"https:\/\/afos-dev.q-con.eu\/de\/ueber-uns\/unsere-vision\/\"]}]},{\"@type\":\"BreadcrumbList\",\"@id\":\"https:\/\/afos-dev.q-con.eu\/de\/ueber-uns\/unsere-vision\/#breadcrumb\",\"itemListElement\":[{\"@type\":\"ListItem\",\"position\":1,\"name\":\"Home\",\"item\":\"https:\/\/afos-dev.q-con.eu\/de\/\"},{\"@type\":\"ListItem\",\"position\":2,\"name\":\"\u00dcber uns\",\"item\":\"https:\/\/afos-dev.q-con.eu\/de\/ueber-uns\/\"},{\"@type\":\"ListItem\",\"position\":3,\"name\":\"Vision und Werte\"}]},{\"@type\":\"WebSite\",\"@id\":\"https:\/\/afos-dev.q-con.eu\/de\/#website\",\"url\":\"https:\/\/afos-dev.q-con.eu\/de\/\",\"name\":\"Afosfoundation\",\"description\":\"Afosfoundation\",\"publisher\":{\"@id\":\"https:\/\/afos-dev.q-con.eu\/de\/#organization\"},\"potentialAction\":[{\"@type\":\"SearchAction\",\"target\":{\"@type\":\"EntryPoint\",\"urlTemplate\":\"https:\/\/afos-dev.q-con.eu\/de\/?s={search_term_string}\"},\"query-input\":\"required name=search_term_string\"}],\"inLanguage\":\"de-DE\"},{\"@type\":\"Organization\",\"@id\":\"https:\/\/afos-dev.q-con.eu\/de\/#organization\",\"name\":\"Afosfoundation\",\"url\":\"https:\/\/afos-dev.q-con.eu\/de\/\",\"sameAs\":[],\"logo\":{\"@type\":\"ImageObject\",\"inLanguage\":\"de-DE\",\"@id\":\"https:\/\/afos-dev.q-con.eu\/de\/#\/schema\/logo\/image\/\",\"url\":\"https:\/\/afos-dev.q-con.eu\/wp-content\/uploads\/2023\/02\/cropped-Logo-AFOS-Website-1-1.png\",\"contentUrl\":\"https:\/\/afos-dev.q-con.eu\/wp-content\/uploads\/2023\/02\/cropped-Logo-AFOS-Website-1-1.png\",\"width\":300,\"height\":217,\"caption\":\"Afosfoundation\"},\"image\":{\"@id\":\"https:\/\/afos-dev.q-con.eu\/de\/#\/schema\/logo\/image\/\"}}]}<\/script>\n<!-- \/ Yoast SEO plugin. -->","yoast_head_json":{"title":"Vision und Werte der AFOS-Stiftung","description":"AFOS f\u00f6rdert unternehmerische Verantwortung f\u00fcr eine zukunftsf\u00e4hige Welt. Diese Werte leiten uns dabei unsere Vision wahr werden zu lassen.","robots":{"index":"index","follow":"follow","max-snippet":"max-snippet:-1","max-image-preview":"max-image-preview:large","max-video-preview":"max-video-preview:-1"},"canonical":"https:\/\/afos-dev.q-con.eu\/de\/ueber-uns\/unsere-vision\/","og_locale":"de_DE","og_type":"article","og_title":"Vision und Werte der AFOS-Stiftung","og_description":"AFOS f\u00f6rdert unternehmerische Verantwortung f\u00fcr eine zukunftsf\u00e4hige Welt. Diese Werte leiten uns dabei unsere Vision wahr werden zu lassen.","og_url":"https:\/\/afos-dev.q-con.eu\/de\/ueber-uns\/unsere-vision\/","og_site_name":"Afosfoundation","article_modified_time":"2023-07-28T06:51:43+00:00","og_image":[{"url":"https:\/\/afos-dev.q-con.eu\/wp-content\/uploads\/2023\/07\/agenda-2030-titel.jpg"}],"twitter_card":"summary_large_image","twitter_misc":{"Gesch\u00e4tzte Lesezeit":"5 Minuten"},"schema":{"@context":"https:\/\/schema.org","@graph":[{"@type":"WebPage","@id":"https:\/\/afos-dev.q-con.eu\/de\/ueber-uns\/unsere-vision\/","url":"https:\/\/afos-dev.q-con.eu\/de\/ueber-uns\/unsere-vision\/","name":"Vision und Werte der AFOS-Stiftung","isPartOf":{"@id":"https:\/\/afos-dev.q-con.eu\/de\/#website"},"datePublished":"2022-07-25T06:48:45+00:00","dateModified":"2023-07-28T06:51:43+00:00","description":"AFOS f\u00f6rdert unternehmerische Verantwortung f\u00fcr eine zukunftsf\u00e4hige Welt. Diese Werte leiten uns dabei unsere Vision wahr werden zu lassen.","breadcrumb":{"@id":"https:\/\/afos-dev.q-con.eu\/de\/ueber-uns\/unsere-vision\/#breadcrumb"},"inLanguage":"de-DE","potentialAction":[{"@type":"ReadAction","target":["https:\/\/afos-dev.q-con.eu\/de\/ueber-uns\/unsere-vision\/"]}]},{"@type":"BreadcrumbList","@id":"https:\/\/afos-dev.q-con.eu\/de\/ueber-uns\/unsere-vision\/#breadcrumb","itemListElement":[{"@type":"ListItem","position":1,"name":"Home","item":"https:\/\/afos-dev.q-con.eu\/de\/"},{"@type":"ListItem","position":2,"name":"\u00dcber uns","item":"https:\/\/afos-dev.q-con.eu\/de\/ueber-uns\/"},{"@type":"ListItem","position":3,"name":"Vision und Werte"}]},{"@type":"WebSite","@id":"https:\/\/afos-dev.q-con.eu\/de\/#website","url":"https:\/\/afos-dev.q-con.eu\/de\/","name":"Afosfoundation","description":"Afosfoundation","publisher":{"@id":"https:\/\/afos-dev.q-con.eu\/de\/#organization"},"potentialAction":[{"@type":"SearchAction","target":{"@type":"EntryPoint","urlTemplate":"https:\/\/afos-dev.q-con.eu\/de\/?s={search_term_string}"},"query-input":"required name=search_term_string"}],"inLanguage":"de-DE"},{"@type":"Organization","@id":"https:\/\/afos-dev.q-con.eu\/de\/#organization","name":"Afosfoundation","url":"https:\/\/afos-dev.q-con.eu\/de\/","sameAs":[],"logo":{"@type":"ImageObject","inLanguage":"de-DE","@id":"https:\/\/afos-dev.q-con.eu\/de\/#\/schema\/logo\/image\/","url":"https:\/\/afos-dev.q-con.eu\/wp-content\/uploads\/2023\/02\/cropped-Logo-AFOS-Website-1-1.png","contentUrl":"https:\/\/afos-dev.q-con.eu\/wp-content\/uploads\/2023\/02\/cropped-Logo-AFOS-Website-1-1.png","width":300,"height":217,"caption":"Afosfoundation"},"image":{"@id":"https:\/\/afos-dev.q-con.eu\/de\/#\/schema\/logo\/image\/"}}]}},"_links":{"self":[{"href":"https:\/\/afos-dev.q-con.eu\/de\/wp-json\/wp\/v2\/pages\/3283"}],"collection":[{"href":"https:\/\/afos-dev.q-con.eu\/de\/wp-json\/wp\/v2\/pages"}],"about":[{"href":"https:\/\/afos-dev.q-con.eu\/de\/wp-json\/wp\/v2\/types\/page"}],"author":[{"embeddable":true,"href":"https:\/\/afos-dev.q-con.eu\/de\/wp-json\/wp\/v2\/users\/4"}],"replies":[{"embeddable":true,"href":"https:\/\/afos-dev.q-con.eu\/de\/wp-json\/wp\/v2\/comments?post=3283"}],"version-history":[{"count":0,"href":"https:\/\/afos-dev.q-con.eu\/de\/wp-json\/wp\/v2\/pages\/3283\/revisions"}],"up":[{"embeddable":true,"href":"https:\/\/afos-dev.q-con.eu\/de\/wp-json\/wp\/v2\/pages\/3798"}],"wp:attachment":[{"href":"https:\/\/afos-dev.q-con.eu\/de\/wp-json\/wp\/v2\/media?parent=3283"}],"curies":[{"name":"wp","href":"https:\/\/api.w.org\/{rel}","templated":true}]}}