{"id":3293,"date":"2022-07-22T09:09:35","date_gmt":"2022-07-22T09:09:35","guid":{"rendered":"https:\/\/mywebsitesdemo.com\/VA\/afosfoundation\/wer-wir-sind\/"},"modified":"2025-06-17T10:04:00","modified_gmt":"2025-06-17T10:04:00","slug":"wer-wir-sind","status":"publish","type":"page","link":"https:\/\/afos-dev.q-con.eu\/de\/ueber-uns\/wer-wir-sind\/","title":{"rendered":"Wer wir sind"},"content":{"rendered":"\n<div class=\"wp-container-5 wp-block-columns\">\n<div class=\"wp-container-4 wp-block-column\" style=\"flex-basis:100%\">\n<h2>Die AFOS-Stiftung<\/h2>\n\n\n\n<div class=\"wp-container-3 wp-block-columns\">\n<div class=\"wp-container-1 wp-block-column\">\n<h3>Wegweisend in der Unternehmerischen Entwicklungszusammenarbeit<\/h3>\n\n\n\n<p>Als AFOS-Stiftung <strong>f\u00f6rdern wir unternehmerische Initiativen in Afrika, Asien und Lateinamerika<\/strong>, um langfristig eine fruchtbare Umgebung f\u00fcr sozialverantwortliche und qualifizierte Besch\u00e4ftigung zu etablieren. Auf diese Weise verbessern wir die Lebensbedingungen in unseren Partnerl\u00e4ndern nachhaltig. Durch <strong>professionelle Beratung <\/strong>und die <strong>Mobilisierung von Netzwerken<\/strong> setzen wir uns gemeinsam mit engagierten Unternehmen und Partnern vor Ort f\u00fcr ein <strong>unabh\u00e4ngiges und verantwortliches Unternehmertum<\/strong> ein. Langj\u00e4hrige pers\u00f6nliche Beziehungen zu unseren Partnerl\u00e4ndern bilden dabei die Grundlage f\u00fcr unsere erfolgreiche Arbeit.<\/p>\n<\/div>\n\n\n\n<div class=\"wp-container-2 wp-block-column\"><div class=\"wp-block-image\">\n<figure class=\"aligncenter size-full\"><img loading=\"lazy\" width=\"800\" height=\"533\" src=\"https:\/\/afos-dev.q-con.eu\/wp-content\/uploads\/2023\/04\/AFOS-Nigeria-1-Ueber-Uns-1.png\" alt=\"AFOS Nigeria Cashew Ernte\" class=\"wp-image-4788\" srcset=\"https:\/\/afos-dev.q-con.eu\/wp-content\/uploads\/2023\/04\/AFOS-Nigeria-1-Ueber-Uns-1.png 800w, https:\/\/afos-dev.q-con.eu\/wp-content\/uploads\/2023\/04\/AFOS-Nigeria-1-Ueber-Uns-1-360x240.png 360w, https:\/\/afos-dev.q-con.eu\/wp-content\/uploads\/2023\/04\/AFOS-Nigeria-1-Ueber-Uns-1-768x512.png 768w\" sizes=\"(max-width: 800px) 100vw, 800px\" \/><\/figure><\/div><\/div>\n<\/div>\n<\/div>\n<\/div>\n\n\n\n<div class=\"wp-container-9 wp-block-group alignwide\"><div class=\"wp-block-group__inner-container\">\n<div class=\"wp-container-8 wp-block-columns alignwide are-vertically-aligned-center has-background\" style=\"background-color:#c0d16e\">\n<div class=\"wp-container-6 wp-block-column\" style=\"flex-basis:30%\"><div class=\"wp-block-image\">\n<figure class=\"aligncenter size-full\"><img loading=\"lazy\" width=\"800\" height=\"565\" src=\"https:\/\/afos-dev.q-con.eu\/wp-content\/uploads\/2023\/04\/AFOS-Mexico-Ueber-Uns-1.png\" alt=\"Die AFOS-Stiftung Mexico 2022\" class=\"wp-image-4790\" srcset=\"https:\/\/afos-dev.q-con.eu\/wp-content\/uploads\/2023\/04\/AFOS-Mexico-Ueber-Uns-1.png 800w, https:\/\/afos-dev.q-con.eu\/wp-content\/uploads\/2023\/04\/AFOS-Mexico-Ueber-Uns-1-360x254.png 360w, https:\/\/afos-dev.q-con.eu\/wp-content\/uploads\/2023\/04\/AFOS-Mexico-Ueber-Uns-1-768x542.png 768w\" sizes=\"(max-width: 800px) 100vw, 800px\" \/><\/figure><\/div><\/div>\n\n\n\n<div class=\"wp-container-7 wp-block-column\" style=\"flex-basis:70%\">\n<h3>Mehr als 20 Jahre Erfahrung<\/h3>\n\n\n\n<p>Als AFOS-Stiftung f\u00f6rdern wir bereits <strong>seit dem Jahr 2003<\/strong> unternehmerische Initiativen in Afrika, Asien und Lateinamerika. Das gro\u00dfe Potenzial, das die gezielte F\u00f6rderung von klein- und mittelst\u00e4ndischen Unternehmen birgt, erkannten die Menschen hinter AFOS jedoch bereits viel fr\u00fcher.<\/p>\n<\/div>\n<\/div>\n<\/div><\/div>\n\n\n\n<div class=\"wp-container-12 wp-block-columns alignwide\">\n<div class=\"wp-container-10 wp-block-column\" style=\"flex-basis:50%\">\n<h3>Unser Auftakt: Die Initiative \u201cAfrika Fonds f\u00fcr Selbst\u00e4ndigkeit\u201d<\/h3>\n\n\n\n<p>Innovative Mitglieder des <a href=\"https:\/\/www.bku.de\/arbeitskreis-entwicklungspolitik.aspx\" target=\"_blank\" rel=\"noreferrer noopener\">Bundes Katholischer Unternehmer (BKU)<\/a> starteten <strong>in den 1990er Jahren<\/strong> die <strong>Initiative<\/strong> \u201e<strong>A<\/strong>frika <strong>Fo<\/strong>nds f\u00fcr <strong>S<\/strong>elbst\u00e4ndigkeit\u201c \u2013 daher der Name <strong>AFOS<\/strong>.<\/p>\n\n\n\n<p>Sie teilten die <strong>Vision<\/strong>, dass auch <strong>Kleinst- und Kleinunternehmen einen bedeutenden Beitrag <\/strong>zur <strong>wirtschaftlichen und sozialen Entwicklung <\/strong>eines Landes leisten k\u00f6nnen. H\u00e4ufig fehlte ihnen jedoch die Chance auf einen Marktzugang und auf entsprechende Finanzdienstleistungen. So setzte sich die Initiative auf politischer Ebene f\u00fcr Mikrofinanzangebote in der Entwicklungszusammenarbeit ein. Die Erleichterung des <strong>Zugangs zu Kleinkrediten und bessere gesetzliche Rahmenbedingungen <\/strong>f\u00fcr privatwirtschaftliche Mikrofinanzinvestitionen waren daher unsere ersten Arbeitsschwerpunkte.<\/p>\n<\/div>\n\n\n\n<div class=\"wp-container-11 wp-block-column\" style=\"flex-basis:50%\"><div class=\"wp-block-image\">\n<figure class=\"aligncenter size-full\"><img loading=\"lazy\" width=\"600\" height=\"400\" src=\"https:\/\/afos-dev.q-con.eu\/wp-content\/uploads\/2023\/04\/AFOS_Stiftung-Zimbabwe-2023-1.png\" alt=\"Die AFOS-Stiftung Simbabwe Zertifizierung f\u00fcr den Exportmarkt\" class=\"wp-image-4792\" srcset=\"https:\/\/afos-dev.q-con.eu\/wp-content\/uploads\/2023\/04\/AFOS_Stiftung-Zimbabwe-2023-1.png 600w, https:\/\/afos-dev.q-con.eu\/wp-content\/uploads\/2023\/04\/AFOS_Stiftung-Zimbabwe-2023-1-360x240.png 360w\" sizes=\"(max-width: 600px) 100vw, 600px\" \/><\/figure><\/div><\/div>\n<\/div>\n\n\n\n<div class=\"wp-container-15 wp-block-columns alignwide has-background\" style=\"background-color:#d2e6e9\">\n<div class=\"wp-container-13 wp-block-column\" style=\"flex-basis:50%\"><div class=\"wp-block-image\">\n<figure class=\"aligncenter size-full\"><img loading=\"lazy\" width=\"781\" height=\"493\" src=\"https:\/\/afos-dev.q-con.eu\/wp-content\/uploads\/2023\/04\/BKU-Journal-2003.png\" alt=\"Die AFOS-Stiftung im BKU Journal\" class=\"wp-image-4801\" srcset=\"https:\/\/afos-dev.q-con.eu\/wp-content\/uploads\/2023\/04\/BKU-Journal-2003.png 781w, https:\/\/afos-dev.q-con.eu\/wp-content\/uploads\/2023\/04\/BKU-Journal-2003-360x227.png 360w, https:\/\/afos-dev.q-con.eu\/wp-content\/uploads\/2023\/04\/BKU-Journal-2003-768x485.png 768w\" sizes=\"(max-width: 781px) 100vw, 781px\" \/><figcaption>Auszug BKU Journal 2003<\/figcaption><\/figure><\/div><\/div>\n\n\n\n<div class=\"wp-container-14 wp-block-column\" style=\"flex-basis:50%\">\n<h3>AFOS st\u00e4rkt Kleinstunternehmen durch Eigenmittel<\/h3>\n\n\n\n<p>Wir setzten von Beginn an auf die <strong>St\u00e4rkung unserer Zielgruppen im Glauben an sich selbst<\/strong>, auch schwierige Situationen und Herausforderungen aus eigener Kraft erfolgreich bew\u00e4ltigen zu k\u00f6nnen. Bereits vor der offiziellen Gr\u00fcndung von AFOS flossen aus den eigenen Kreisen 700.000 DM zur Unterst\u00fctzung von Kleinstunternehmenden. <strong>Langj\u00e4hrige pers\u00f6nliche Beziehungen in die Partnerl\u00e4nder <\/strong>erleichterten die F\u00f6rderung von Gesch\u00e4ftst\u00e4tigkeiten durch Kleinkredite.<\/p>\n<\/div>\n<\/div>\n\n\n\n<div class=\"wp-container-18 wp-block-columns alignwide are-vertically-aligned-center\">\n<div class=\"wp-container-16 wp-block-column is-vertically-aligned-center\" style=\"flex-basis:50%\">\n<h2>Die AFOS-Stiftung heute  <\/h2>\n\n\n\n<h3>Etablierter Partner in der Entwicklungszusammenarbeit<\/h3>\n\n\n\n<p>Seit dem Jahr 2003 engagieren wir uns als eigenst\u00e4ndige Stiftung in der Entwicklungszusammenarbeit. Unsere Themen sind heute ebenso vielf\u00e4ltig wie die Herausforderungen: Die <strong>Schaffung und Formalisierung von Arbeitspl\u00e4tzen,<\/strong> die <strong>Ausbildung und Qualifizierung junger Menschen<\/strong> mit dem Fokus auf Frauen, <strong>nachhaltiges Wirtschaften <\/strong>im Einklang mit der Natur und ihren begrenzten Ressourcen, der Umgang mit den Folgen des Klimawandels und letztlich die Vermeidung der Ursachen von Migration und Flucht.<\/p>\n<\/div>\n\n\n\n<div class=\"wp-container-17 wp-block-column is-vertically-aligned-center\" style=\"flex-basis:50%\"><div class=\"wp-block-image\">\n<figure class=\"aligncenter size-full\"><img loading=\"lazy\" width=\"800\" height=\"533\" src=\"https:\/\/afos-dev.q-con.eu\/wp-content\/uploads\/2023\/04\/AFOS-Nigeria-Interview-with-the-CEOof-ProFoods-Nigeria-1.png\" alt=\"AFOS Nigeria Meeting with CEO ProFoods\" class=\"wp-image-4794\" srcset=\"https:\/\/afos-dev.q-con.eu\/wp-content\/uploads\/2023\/04\/AFOS-Nigeria-Interview-with-the-CEOof-ProFoods-Nigeria-1.png 800w, https:\/\/afos-dev.q-con.eu\/wp-content\/uploads\/2023\/04\/AFOS-Nigeria-Interview-with-the-CEOof-ProFoods-Nigeria-1-360x240.png 360w, https:\/\/afos-dev.q-con.eu\/wp-content\/uploads\/2023\/04\/AFOS-Nigeria-Interview-with-the-CEOof-ProFoods-Nigeria-1-768x512.png 768w\" sizes=\"(max-width: 800px) 100vw, 800px\" \/><\/figure><\/div><\/div>\n<\/div>\n\n\n\n<div class=\"wp-container-21 wp-block-columns alignwide has-background\" style=\"background-color:#c0d16e\">\n<div class=\"wp-container-19 wp-block-column\" style=\"flex-basis:30%\"><div class=\"wp-block-image\">\n<figure class=\"aligncenter size-full\"><img loading=\"lazy\" width=\"800\" height=\"533\" src=\"https:\/\/afos-dev.q-con.eu\/wp-content\/uploads\/2023\/04\/AFOS-Philippines-Ueber-Uns-1.png\" alt=\"AFOS Philippines at work\" class=\"wp-image-4797\" srcset=\"https:\/\/afos-dev.q-con.eu\/wp-content\/uploads\/2023\/04\/AFOS-Philippines-Ueber-Uns-1.png 800w, https:\/\/afos-dev.q-con.eu\/wp-content\/uploads\/2023\/04\/AFOS-Philippines-Ueber-Uns-1-360x240.png 360w, https:\/\/afos-dev.q-con.eu\/wp-content\/uploads\/2023\/04\/AFOS-Philippines-Ueber-Uns-1-768x512.png 768w\" sizes=\"(max-width: 800px) 100vw, 800px\" \/><\/figure><\/div><\/div>\n\n\n\n<div class=\"wp-container-20 wp-block-column\" style=\"flex-basis:70%\">\n<p>Mehr denn je sind wir \u00fcberzeugt davon, dass ein <strong>unabh\u00e4ngiges und verantwortliches Unternehmertum<\/strong> das Potenzial hat, einen <strong>Beitrag zur Bew\u00e4ltigung dieser komplexen Herausforderungen<\/strong> zu leisten. AFOS unterst\u00fctzt Menschen vor Ort dabei, selbst die Initiative zu ergreifen, um sich ein w\u00fcrdiges Leben aufzubauen. F\u00fcr sich selbst und ihre Familien, aber auch f\u00fcr andere im Sinne des Gemeinwohls.<\/p>\n<\/div>\n<\/div>\n\n\n\n<h3>Die Finanzierung unserer Projektarbeit in Afrika, Asien und Lateinamerika<\/h3>\n\n\n\n<p>Als unabh\u00e4ngige und gemeinn\u00fctzige Stiftung finanzieren wir unsere Aktivit\u00e4ten <strong>durch private Spenden und \u00f6ffentliche Zusch\u00fcsse,<\/strong> \u00fcberwiegend durch das Bundesministerium f\u00fcr wirtschaftliche Zusammenarbeit und Entwicklung (BMZ). sequa in Bonn ist seit vielen Jahren ein bew\u00e4hrter Partner bei der Verwaltung der meisten unserer Projekte.<\/p>\n\n\n\n<div class=\"wp-container-28 wp-block-columns\">\n<div class=\"wp-container-23 wp-block-column\">\n<div class=\"wp-container-22 wp-block-buttons\"><\/div>\n<\/div>\n\n\n\n<div class=\"wp-container-25 wp-block-column\">\n<div class=\"wp-container-24 wp-block-buttons\"><\/div>\n<\/div>\n\n\n\n<div class=\"wp-container-27 wp-block-column\">\n<div class=\"wp-container-26 wp-block-buttons\"><\/div>\n<\/div>\n<\/div>\n","protected":false},"excerpt":{"rendered":"<p>Die AFOS-Stiftung Wegweisend in der Unternehmerischen Entwicklungszusammenarbeit Als AFOS-Stiftung f\u00f6rdern wir unternehmerische Initiativen in Afrika, Asien und Lateinamerika, um langfristig eine fruchtbare Umgebung f\u00fcr sozialverantwortliche und qualifizierte Besch\u00e4ftigung zu etablieren. Auf diese Weise verbessern wir die Lebensbedingungen in unseren Partnerl\u00e4ndern nachhaltig. Durch professionelle Beratung und die Mobilisierung von Netzwerken setzen wir uns gemeinsam mit engagierten [&hellip;]<\/p>\n","protected":false},"author":4,"featured_media":0,"parent":3798,"menu_order":0,"comment_status":"closed","ping_status":"closed","template":"who-we-are-page-template.php","meta":[],"acf":[],"yoast_head":"<!-- This site is optimized with the Yoast SEO plugin v19.5.1 - https:\/\/yoast.com\/wordpress\/plugins\/seo\/ -->\n<title>Die AFOS-Stiftung - Wer wir sind<\/title>\n<meta name=\"description\" content=\"Die AFOS-Stiftung f\u00f6rdert seit mehr als 20 Jahren nachhaltige Ausbildung &amp; Besch\u00e4ftigung durch unternehmerische Entwicklungszusammenarbeit.\" \/>\n<meta name=\"robots\" content=\"index, follow, max-snippet:-1, max-image-preview:large, max-video-preview:-1\" \/>\n<link rel=\"canonical\" href=\"https:\/\/afos-dev.q-con.eu\/de\/ueber-uns\/wer-wir-sind\/\" \/>\n<meta property=\"og:locale\" content=\"de_DE\" \/>\n<meta property=\"og:type\" content=\"article\" \/>\n<meta property=\"og:title\" content=\"Die AFOS-Stiftung - Wer wir sind\" \/>\n<meta property=\"og:description\" content=\"Die AFOS-Stiftung f\u00f6rdert seit mehr als 20 Jahren nachhaltige Ausbildung &amp; Besch\u00e4ftigung durch unternehmerische Entwicklungszusammenarbeit.\" \/>\n<meta property=\"og:url\" content=\"https:\/\/afos-dev.q-con.eu\/de\/ueber-uns\/wer-wir-sind\/\" \/>\n<meta property=\"og:site_name\" content=\"Afosfoundation\" \/>\n<meta property=\"article:modified_time\" content=\"2025-06-17T10:04:00+00:00\" \/>\n<meta property=\"og:image\" content=\"https:\/\/afos-dev.q-con.eu\/wp-content\/uploads\/2023\/04\/AFOS-Nigeria-1-Ueber-Uns-1.png\" \/>\n<meta name=\"twitter:card\" content=\"summary_large_image\" \/>\n<meta name=\"twitter:label1\" content=\"Gesch\u00e4tzte Lesezeit\" \/>\n\t<meta name=\"twitter:data1\" content=\"4 Minuten\" \/>\n<script type=\"application\/ld+json\" class=\"yoast-schema-graph\">{\"@context\":\"https:\/\/schema.org\",\"@graph\":[{\"@type\":\"WebPage\",\"@id\":\"https:\/\/afos-dev.q-con.eu\/de\/ueber-uns\/wer-wir-sind\/\",\"url\":\"https:\/\/afos-dev.q-con.eu\/de\/ueber-uns\/wer-wir-sind\/\",\"name\":\"Die AFOS-Stiftung - Wer wir sind\",\"isPartOf\":{\"@id\":\"https:\/\/afos-dev.q-con.eu\/de\/#website\"},\"datePublished\":\"2022-07-22T09:09:35+00:00\",\"dateModified\":\"2025-06-17T10:04:00+00:00\",\"description\":\"Die AFOS-Stiftung f\u00f6rdert seit mehr als 20 Jahren nachhaltige Ausbildung & Besch\u00e4ftigung durch unternehmerische Entwicklungszusammenarbeit.\",\"breadcrumb\":{\"@id\":\"https:\/\/afos-dev.q-con.eu\/de\/ueber-uns\/wer-wir-sind\/#breadcrumb\"},\"inLanguage\":\"de-DE\",\"potentialAction\":[{\"@type\":\"ReadAction\",\"target\":[\"https:\/\/afos-dev.q-con.eu\/de\/ueber-uns\/wer-wir-sind\/\"]}]},{\"@type\":\"BreadcrumbList\",\"@id\":\"https:\/\/afos-dev.q-con.eu\/de\/ueber-uns\/wer-wir-sind\/#breadcrumb\",\"itemListElement\":[{\"@type\":\"ListItem\",\"position\":1,\"name\":\"Home\",\"item\":\"https:\/\/afos-dev.q-con.eu\/de\/\"},{\"@type\":\"ListItem\",\"position\":2,\"name\":\"\u00dcber uns\",\"item\":\"https:\/\/afos-dev.q-con.eu\/de\/ueber-uns\/\"},{\"@type\":\"ListItem\",\"position\":3,\"name\":\"Wer wir sind\"}]},{\"@type\":\"WebSite\",\"@id\":\"https:\/\/afos-dev.q-con.eu\/de\/#website\",\"url\":\"https:\/\/afos-dev.q-con.eu\/de\/\",\"name\":\"Afosfoundation\",\"description\":\"Afosfoundation\",\"publisher\":{\"@id\":\"https:\/\/afos-dev.q-con.eu\/de\/#organization\"},\"potentialAction\":[{\"@type\":\"SearchAction\",\"target\":{\"@type\":\"EntryPoint\",\"urlTemplate\":\"https:\/\/afos-dev.q-con.eu\/de\/?s={search_term_string}\"},\"query-input\":\"required name=search_term_string\"}],\"inLanguage\":\"de-DE\"},{\"@type\":\"Organization\",\"@id\":\"https:\/\/afos-dev.q-con.eu\/de\/#organization\",\"name\":\"Afosfoundation\",\"url\":\"https:\/\/afos-dev.q-con.eu\/de\/\",\"sameAs\":[],\"logo\":{\"@type\":\"ImageObject\",\"inLanguage\":\"de-DE\",\"@id\":\"https:\/\/afos-dev.q-con.eu\/de\/#\/schema\/logo\/image\/\",\"url\":\"https:\/\/afos-dev.q-con.eu\/wp-content\/uploads\/2023\/02\/cropped-Logo-AFOS-Website-1-1.png\",\"contentUrl\":\"https:\/\/afos-dev.q-con.eu\/wp-content\/uploads\/2023\/02\/cropped-Logo-AFOS-Website-1-1.png\",\"width\":300,\"height\":217,\"caption\":\"Afosfoundation\"},\"image\":{\"@id\":\"https:\/\/afos-dev.q-con.eu\/de\/#\/schema\/logo\/image\/\"}}]}<\/script>\n<!-- \/ Yoast SEO plugin. -->","yoast_head_json":{"title":"Die AFOS-Stiftung - Wer wir sind","description":"Die AFOS-Stiftung f\u00f6rdert seit mehr als 20 Jahren nachhaltige Ausbildung & Besch\u00e4ftigung durch unternehmerische Entwicklungszusammenarbeit.","robots":{"index":"index","follow":"follow","max-snippet":"max-snippet:-1","max-image-preview":"max-image-preview:large","max-video-preview":"max-video-preview:-1"},"canonical":"https:\/\/afos-dev.q-con.eu\/de\/ueber-uns\/wer-wir-sind\/","og_locale":"de_DE","og_type":"article","og_title":"Die AFOS-Stiftung - Wer wir sind","og_description":"Die AFOS-Stiftung f\u00f6rdert seit mehr als 20 Jahren nachhaltige Ausbildung & Besch\u00e4ftigung durch unternehmerische Entwicklungszusammenarbeit.","og_url":"https:\/\/afos-dev.q-con.eu\/de\/ueber-uns\/wer-wir-sind\/","og_site_name":"Afosfoundation","article_modified_time":"2025-06-17T10:04:00+00:00","og_image":[{"url":"https:\/\/afos-dev.q-con.eu\/wp-content\/uploads\/2023\/04\/AFOS-Nigeria-1-Ueber-Uns-1.png"}],"twitter_card":"summary_large_image","twitter_misc":{"Gesch\u00e4tzte Lesezeit":"4 Minuten"},"schema":{"@context":"https:\/\/schema.org","@graph":[{"@type":"WebPage","@id":"https:\/\/afos-dev.q-con.eu\/de\/ueber-uns\/wer-wir-sind\/","url":"https:\/\/afos-dev.q-con.eu\/de\/ueber-uns\/wer-wir-sind\/","name":"Die AFOS-Stiftung - Wer wir sind","isPartOf":{"@id":"https:\/\/afos-dev.q-con.eu\/de\/#website"},"datePublished":"2022-07-22T09:09:35+00:00","dateModified":"2025-06-17T10:04:00+00:00","description":"Die AFOS-Stiftung f\u00f6rdert seit mehr als 20 Jahren nachhaltige Ausbildung & Besch\u00e4ftigung durch unternehmerische Entwicklungszusammenarbeit.","breadcrumb":{"@id":"https:\/\/afos-dev.q-con.eu\/de\/ueber-uns\/wer-wir-sind\/#breadcrumb"},"inLanguage":"de-DE","potentialAction":[{"@type":"ReadAction","target":["https:\/\/afos-dev.q-con.eu\/de\/ueber-uns\/wer-wir-sind\/"]}]},{"@type":"BreadcrumbList","@id":"https:\/\/afos-dev.q-con.eu\/de\/ueber-uns\/wer-wir-sind\/#breadcrumb","itemListElement":[{"@type":"ListItem","position":1,"name":"Home","item":"https:\/\/afos-dev.q-con.eu\/de\/"},{"@type":"ListItem","position":2,"name":"\u00dcber uns","item":"https:\/\/afos-dev.q-con.eu\/de\/ueber-uns\/"},{"@type":"ListItem","position":3,"name":"Wer wir sind"}]},{"@type":"WebSite","@id":"https:\/\/afos-dev.q-con.eu\/de\/#website","url":"https:\/\/afos-dev.q-con.eu\/de\/","name":"Afosfoundation","description":"Afosfoundation","publisher":{"@id":"https:\/\/afos-dev.q-con.eu\/de\/#organization"},"potentialAction":[{"@type":"SearchAction","target":{"@type":"EntryPoint","urlTemplate":"https:\/\/afos-dev.q-con.eu\/de\/?s={search_term_string}"},"query-input":"required name=search_term_string"}],"inLanguage":"de-DE"},{"@type":"Organization","@id":"https:\/\/afos-dev.q-con.eu\/de\/#organization","name":"Afosfoundation","url":"https:\/\/afos-dev.q-con.eu\/de\/","sameAs":[],"logo":{"@type":"ImageObject","inLanguage":"de-DE","@id":"https:\/\/afos-dev.q-con.eu\/de\/#\/schema\/logo\/image\/","url":"https:\/\/afos-dev.q-con.eu\/wp-content\/uploads\/2023\/02\/cropped-Logo-AFOS-Website-1-1.png","contentUrl":"https:\/\/afos-dev.q-con.eu\/wp-content\/uploads\/2023\/02\/cropped-Logo-AFOS-Website-1-1.png","width":300,"height":217,"caption":"Afosfoundation"},"image":{"@id":"https:\/\/afos-dev.q-con.eu\/de\/#\/schema\/logo\/image\/"}}]}},"_links":{"self":[{"href":"https:\/\/afos-dev.q-con.eu\/de\/wp-json\/wp\/v2\/pages\/3293"}],"collection":[{"href":"https:\/\/afos-dev.q-con.eu\/de\/wp-json\/wp\/v2\/pages"}],"about":[{"href":"https:\/\/afos-dev.q-con.eu\/de\/wp-json\/wp\/v2\/types\/page"}],"author":[{"embeddable":true,"href":"https:\/\/afos-dev.q-con.eu\/de\/wp-json\/wp\/v2\/users\/4"}],"replies":[{"embeddable":true,"href":"https:\/\/afos-dev.q-con.eu\/de\/wp-json\/wp\/v2\/comments?post=3293"}],"version-history":[{"count":0,"href":"https:\/\/afos-dev.q-con.eu\/de\/wp-json\/wp\/v2\/pages\/3293\/revisions"}],"up":[{"embeddable":true,"href":"https:\/\/afos-dev.q-con.eu\/de\/wp-json\/wp\/v2\/pages\/3798"}],"wp:attachment":[{"href":"https:\/\/afos-dev.q-con.eu\/de\/wp-json\/wp\/v2\/media?parent=3293"}],"curies":[{"name":"wp","href":"https:\/\/api.w.org\/{rel}","templated":true}]}}