{"id":3294,"date":"2022-07-25T04:44:47","date_gmt":"2022-07-25T04:44:47","guid":{"rendered":"https:\/\/mywebsitesdemo.com\/VA\/afosfoundation\/direktorium\/"},"modified":"2025-01-18T15:32:01","modified_gmt":"2025-01-18T15:32:01","slug":"vorstand","status":"publish","type":"page","link":"https:\/\/afos-dev.q-con.eu\/de\/ueber-uns\/wer-wir-sind\/vorstand\/","title":{"rendered":"Vorstand"},"content":{"rendered":"","protected":false},"excerpt":{"rendered":"","protected":false},"author":4,"featured_media":0,"parent":3293,"menu_order":0,"comment_status":"closed","ping_status":"closed","template":"board-of-directors-page-template.php","meta":[],"acf":[],"yoast_head":"<!-- This site is optimized with the Yoast SEO plugin v19.5.1 - https:\/\/yoast.com\/wordpress\/plugins\/seo\/ -->\n<title>Der Vorstand der AFOS-Stiftung<\/title>\n<meta name=\"description\" content=\"Der Vorstand der AFOS-Stiftung f\u00f6rdert die unternehmerische Entwicklungszusammenarbeit f\u00fcr eine zukunftsf\u00e4hige Welt\" \/>\n<meta name=\"robots\" content=\"index, follow, max-snippet:-1, max-image-preview:large, max-video-preview:-1\" \/>\n<link rel=\"canonical\" href=\"https:\/\/afos-dev.q-con.eu\/de\/ueber-uns\/wer-wir-sind\/vorstand\/\" \/>\n<meta property=\"og:locale\" content=\"de_DE\" \/>\n<meta property=\"og:type\" content=\"article\" \/>\n<meta property=\"og:title\" content=\"Der Vorstand der AFOS-Stiftung\" \/>\n<meta property=\"og:description\" content=\"Der Vorstand der AFOS-Stiftung f\u00f6rdert die unternehmerische Entwicklungszusammenarbeit f\u00fcr eine zukunftsf\u00e4hige Welt\" \/>\n<meta property=\"og:url\" content=\"https:\/\/afos-dev.q-con.eu\/de\/ueber-uns\/wer-wir-sind\/vorstand\/\" \/>\n<meta property=\"og:site_name\" content=\"Afosfoundation\" \/>\n<meta property=\"article:modified_time\" content=\"2025-01-18T15:32:01+00:00\" \/>\n<meta name=\"twitter:card\" content=\"summary_large_image\" \/>\n<script type=\"application\/ld+json\" class=\"yoast-schema-graph\">{\"@context\":\"https:\/\/schema.org\",\"@graph\":[{\"@type\":\"WebPage\",\"@id\":\"https:\/\/afos-dev.q-con.eu\/de\/ueber-uns\/wer-wir-sind\/vorstand\/\",\"url\":\"https:\/\/afos-dev.q-con.eu\/de\/ueber-uns\/wer-wir-sind\/vorstand\/\",\"name\":\"Der Vorstand der AFOS-Stiftung\",\"isPartOf\":{\"@id\":\"https:\/\/afos-dev.q-con.eu\/de\/#website\"},\"datePublished\":\"2022-07-25T04:44:47+00:00\",\"dateModified\":\"2025-01-18T15:32:01+00:00\",\"description\":\"Der Vorstand der AFOS-Stiftung f\u00f6rdert die unternehmerische Entwicklungszusammenarbeit f\u00fcr eine zukunftsf\u00e4hige Welt\",\"breadcrumb\":{\"@id\":\"https:\/\/afos-dev.q-con.eu\/de\/ueber-uns\/wer-wir-sind\/vorstand\/#breadcrumb\"},\"inLanguage\":\"de-DE\",\"potentialAction\":[{\"@type\":\"ReadAction\",\"target\":[\"https:\/\/afos-dev.q-con.eu\/de\/ueber-uns\/wer-wir-sind\/vorstand\/\"]}]},{\"@type\":\"BreadcrumbList\",\"@id\":\"https:\/\/afos-dev.q-con.eu\/de\/ueber-uns\/wer-wir-sind\/vorstand\/#breadcrumb\",\"itemListElement\":[{\"@type\":\"ListItem\",\"position\":1,\"name\":\"Home\",\"item\":\"https:\/\/afos-dev.q-con.eu\/de\/\"},{\"@type\":\"ListItem\",\"position\":2,\"name\":\"\u00dcber uns\",\"item\":\"https:\/\/afos-dev.q-con.eu\/de\/ueber-uns\/\"},{\"@type\":\"ListItem\",\"position\":3,\"name\":\"Wer wir sind\",\"item\":\"https:\/\/afos-dev.q-con.eu\/de\/ueber-uns\/wer-wir-sind\/\"},{\"@type\":\"ListItem\",\"position\":4,\"name\":\"Vorstand\"}]},{\"@type\":\"WebSite\",\"@id\":\"https:\/\/afos-dev.q-con.eu\/de\/#website\",\"url\":\"https:\/\/afos-dev.q-con.eu\/de\/\",\"name\":\"Afosfoundation\",\"description\":\"Afosfoundation\",\"publisher\":{\"@id\":\"https:\/\/afos-dev.q-con.eu\/de\/#organization\"},\"potentialAction\":[{\"@type\":\"SearchAction\",\"target\":{\"@type\":\"EntryPoint\",\"urlTemplate\":\"https:\/\/afos-dev.q-con.eu\/de\/?s={search_term_string}\"},\"query-input\":\"required name=search_term_string\"}],\"inLanguage\":\"de-DE\"},{\"@type\":\"Organization\",\"@id\":\"https:\/\/afos-dev.q-con.eu\/de\/#organization\",\"name\":\"Afosfoundation\",\"url\":\"https:\/\/afos-dev.q-con.eu\/de\/\",\"sameAs\":[],\"logo\":{\"@type\":\"ImageObject\",\"inLanguage\":\"de-DE\",\"@id\":\"https:\/\/afos-dev.q-con.eu\/de\/#\/schema\/logo\/image\/\",\"url\":\"https:\/\/afos-dev.q-con.eu\/wp-content\/uploads\/2023\/02\/cropped-Logo-AFOS-Website-1-1.png\",\"contentUrl\":\"https:\/\/afos-dev.q-con.eu\/wp-content\/uploads\/2023\/02\/cropped-Logo-AFOS-Website-1-1.png\",\"width\":300,\"height\":217,\"caption\":\"Afosfoundation\"},\"image\":{\"@id\":\"https:\/\/afos-dev.q-con.eu\/de\/#\/schema\/logo\/image\/\"}}]}<\/script>\n<!-- \/ Yoast SEO plugin. -->","yoast_head_json":{"title":"Der Vorstand der AFOS-Stiftung","description":"Der Vorstand der AFOS-Stiftung f\u00f6rdert die unternehmerische Entwicklungszusammenarbeit f\u00fcr eine zukunftsf\u00e4hige Welt","robots":{"index":"index","follow":"follow","max-snippet":"max-snippet:-1","max-image-preview":"max-image-preview:large","max-video-preview":"max-video-preview:-1"},"canonical":"https:\/\/afos-dev.q-con.eu\/de\/ueber-uns\/wer-wir-sind\/vorstand\/","og_locale":"de_DE","og_type":"article","og_title":"Der Vorstand der AFOS-Stiftung","og_description":"Der Vorstand der AFOS-Stiftung f\u00f6rdert die unternehmerische Entwicklungszusammenarbeit f\u00fcr eine zukunftsf\u00e4hige Welt","og_url":"https:\/\/afos-dev.q-con.eu\/de\/ueber-uns\/wer-wir-sind\/vorstand\/","og_site_name":"Afosfoundation","article_modified_time":"2025-01-18T15:32:01+00:00","twitter_card":"summary_large_image","schema":{"@context":"https:\/\/schema.org","@graph":[{"@type":"WebPage","@id":"https:\/\/afos-dev.q-con.eu\/de\/ueber-uns\/wer-wir-sind\/vorstand\/","url":"https:\/\/afos-dev.q-con.eu\/de\/ueber-uns\/wer-wir-sind\/vorstand\/","name":"Der Vorstand der AFOS-Stiftung","isPartOf":{"@id":"https:\/\/afos-dev.q-con.eu\/de\/#website"},"datePublished":"2022-07-25T04:44:47+00:00","dateModified":"2025-01-18T15:32:01+00:00","description":"Der Vorstand der AFOS-Stiftung f\u00f6rdert die unternehmerische Entwicklungszusammenarbeit f\u00fcr eine zukunftsf\u00e4hige Welt","breadcrumb":{"@id":"https:\/\/afos-dev.q-con.eu\/de\/ueber-uns\/wer-wir-sind\/vorstand\/#breadcrumb"},"inLanguage":"de-DE","potentialAction":[{"@type":"ReadAction","target":["https:\/\/afos-dev.q-con.eu\/de\/ueber-uns\/wer-wir-sind\/vorstand\/"]}]},{"@type":"BreadcrumbList","@id":"https:\/\/afos-dev.q-con.eu\/de\/ueber-uns\/wer-wir-sind\/vorstand\/#breadcrumb","itemListElement":[{"@type":"ListItem","position":1,"name":"Home","item":"https:\/\/afos-dev.q-con.eu\/de\/"},{"@type":"ListItem","position":2,"name":"\u00dcber uns","item":"https:\/\/afos-dev.q-con.eu\/de\/ueber-uns\/"},{"@type":"ListItem","position":3,"name":"Wer wir sind","item":"https:\/\/afos-dev.q-con.eu\/de\/ueber-uns\/wer-wir-sind\/"},{"@type":"ListItem","position":4,"name":"Vorstand"}]},{"@type":"WebSite","@id":"https:\/\/afos-dev.q-con.eu\/de\/#website","url":"https:\/\/afos-dev.q-con.eu\/de\/","name":"Afosfoundation","description":"Afosfoundation","publisher":{"@id":"https:\/\/afos-dev.q-con.eu\/de\/#organization"},"potentialAction":[{"@type":"SearchAction","target":{"@type":"EntryPoint","urlTemplate":"https:\/\/afos-dev.q-con.eu\/de\/?s={search_term_string}"},"query-input":"required name=search_term_string"}],"inLanguage":"de-DE"},{"@type":"Organization","@id":"https:\/\/afos-dev.q-con.eu\/de\/#organization","name":"Afosfoundation","url":"https:\/\/afos-dev.q-con.eu\/de\/","sameAs":[],"logo":{"@type":"ImageObject","inLanguage":"de-DE","@id":"https:\/\/afos-dev.q-con.eu\/de\/#\/schema\/logo\/image\/","url":"https:\/\/afos-dev.q-con.eu\/wp-content\/uploads\/2023\/02\/cropped-Logo-AFOS-Website-1-1.png","contentUrl":"https:\/\/afos-dev.q-con.eu\/wp-content\/uploads\/2023\/02\/cropped-Logo-AFOS-Website-1-1.png","width":300,"height":217,"caption":"Afosfoundation"},"image":{"@id":"https:\/\/afos-dev.q-con.eu\/de\/#\/schema\/logo\/image\/"}}]}},"_links":{"self":[{"href":"https:\/\/afos-dev.q-con.eu\/de\/wp-json\/wp\/v2\/pages\/3294"}],"collection":[{"href":"https:\/\/afos-dev.q-con.eu\/de\/wp-json\/wp\/v2\/pages"}],"about":[{"href":"https:\/\/afos-dev.q-con.eu\/de\/wp-json\/wp\/v2\/types\/page"}],"author":[{"embeddable":true,"href":"https:\/\/afos-dev.q-con.eu\/de\/wp-json\/wp\/v2\/users\/4"}],"replies":[{"embeddable":true,"href":"https:\/\/afos-dev.q-con.eu\/de\/wp-json\/wp\/v2\/comments?post=3294"}],"version-history":[{"count":0,"href":"https:\/\/afos-dev.q-con.eu\/de\/wp-json\/wp\/v2\/pages\/3294\/revisions"}],"up":[{"embeddable":true,"href":"https:\/\/afos-dev.q-con.eu\/de\/wp-json\/wp\/v2\/pages\/3293"}],"wp:attachment":[{"href":"https:\/\/afos-dev.q-con.eu\/de\/wp-json\/wp\/v2\/media?parent=3294"}],"curies":[{"name":"wp","href":"https:\/\/api.w.org\/{rel}","templated":true}]}}