{"id":3419,"date":"2022-08-02T07:46:57","date_gmt":"2022-08-02T07:46:57","guid":{"rendered":"https:\/\/mywebsitesdemo.com\/VA\/afosfoundation\/impressum-2\/"},"modified":"2025-02-05T13:16:36","modified_gmt":"2025-02-05T13:16:36","slug":"impressum-2","status":"publish","type":"page","link":"https:\/\/afos-dev.q-con.eu\/de\/impressum-2\/","title":{"rendered":"Impressum"},"content":{"rendered":"\n<p><strong>Hinweis zur Website<\/strong><\/p>\n\n\n\n<p>Informationen gem\u00e4\u00df Sect. 5 Deutsches Telemediengesetz (TMG)<\/p>\n\n\n\n<p>AFOS Stiftung f\u00fcr Unternehmerische Entwicklungszusammenarbeit<\/p>\n\n\n\n<p>Georgstra\u00dfe 18<\/p>\n\n\n\n<p>50676 K\u00f6ln<\/p>\n\n\n\n<p>Vertreten durch:<\/p>\n\n\n\n<p>Bernhard Vester<\/p>\n\n\n\n<p>Dr. Hildegard Stausberg<\/p>\n\n\n\n<p>Joachim Els\u00e4sser<\/p>\n\n\n\n<p>Daniela Tscherpel<\/p>\n\n\n\n<p><\/p>\n\n\n\n<p>Kontakt<\/p>\n\n\n\n<p>Telefon: +49 (0)221 93113892<\/p>\n\n\n\n<p>E-Mail: info@afos-stiftung.de<\/p>\n\n\n\n<p><\/p>\n\n\n\n<p>Aufsichtsbeh\u00f6rde<\/p>\n\n\n\n<p>Bezirksregierung K\u00f6ln<\/p>\n\n\n\n<p>50606 K\u00f6ln<\/p>\n\n\n\n<figure class=\"wp-block-embed\"><div class=\"wp-block-embed__wrapper\">\nhttps:\/\/www.bezreg-koeln.nrw.de\n<\/div><\/figure>\n\n\n\n<p>Informationen zur Berufshaftpflichtversicherung<\/p>\n\n\n\n<p>Name und Gesch\u00e4ftssitz des Versicherers:<\/p>\n\n\n\n<p>VBG Verwaltungs-Berufsgenossenschaft<\/p>\n\n\n\n<p>Massaquoipassage 1<\/p>\n\n\n\n<p>22305 Hamburg<\/p>\n\n\n\n<p>Tel. 040 &#8211; 5146-0<\/p>\n\n\n\n<p>Umfang der Versicherung:<\/p>\n\n\n\n<p>Deutschland<\/p>\n\n\n\n<p>Streitbeilegungsverfahren vor einer Verbraucherschlichtungsstelle<\/p>\n\n\n\n<p><strong>Vorstand<\/strong><\/p>\n\n\n\n<p>Wir sind nicht bereit oder verpflichtet, an einem Streitbeilegungsverfahren vor einem Verbraucher teilzunehmen.<\/p>\n\n\n\n<p>Schlichtungsstelle.<\/p>\n","protected":false},"excerpt":{"rendered":"<p>Hinweis zur Website Informationen gem\u00e4\u00df Sect. 5 Deutsches Telemediengesetz (TMG) AFOS Stiftung f\u00fcr Unternehmerische Entwicklungszusammenarbeit Georgstra\u00dfe 18 50676 K\u00f6ln Vertreten durch: Bernhard Vester Dr. Hildegard Stausberg Joachim Els\u00e4sser Daniela Tscherpel Kontakt Telefon: +49 (0)221 93113892 E-Mail: info@afos-stiftung.de Aufsichtsbeh\u00f6rde Bezirksregierung K\u00f6ln 50606 K\u00f6ln Informationen zur Berufshaftpflichtversicherung Name und Gesch\u00e4ftssitz des Versicherers: VBG Verwaltungs-Berufsgenossenschaft Massaquoipassage 1 22305 [&hellip;]<\/p>\n","protected":false},"author":4,"featured_media":0,"parent":0,"menu_order":0,"comment_status":"closed","ping_status":"closed","template":"","meta":[],"acf":[],"yoast_head":"<!-- This site is optimized with the Yoast SEO plugin v19.5.1 - https:\/\/yoast.com\/wordpress\/plugins\/seo\/ -->\n<title>Impressum - Afosfoundation<\/title>\n<meta name=\"robots\" content=\"index, follow, max-snippet:-1, max-image-preview:large, max-video-preview:-1\" \/>\n<link rel=\"canonical\" href=\"https:\/\/afos-dev.q-con.eu\/de\/impressum-2\/\" \/>\n<meta property=\"og:locale\" content=\"de_DE\" \/>\n<meta property=\"og:type\" content=\"article\" \/>\n<meta property=\"og:title\" content=\"Impressum - Afosfoundation\" \/>\n<meta property=\"og:description\" content=\"Hinweis zur Website Informationen gem\u00e4\u00df Sect. 5 Deutsches Telemediengesetz (TMG) AFOS Stiftung f\u00fcr Unternehmerische Entwicklungszusammenarbeit Georgstra\u00dfe 18 50676 K\u00f6ln Vertreten durch: Bernhard Vester Dr. Hildegard Stausberg Joachim Els\u00e4sser Daniela Tscherpel Kontakt Telefon: +49 (0)221 93113892 E-Mail: info@afos-stiftung.de Aufsichtsbeh\u00f6rde Bezirksregierung K\u00f6ln 50606 K\u00f6ln Informationen zur Berufshaftpflichtversicherung Name und Gesch\u00e4ftssitz des Versicherers: VBG Verwaltungs-Berufsgenossenschaft Massaquoipassage 1 22305 [&hellip;]\" \/>\n<meta property=\"og:url\" content=\"https:\/\/afos-dev.q-con.eu\/de\/impressum-2\/\" \/>\n<meta property=\"og:site_name\" content=\"Afosfoundation\" \/>\n<meta property=\"article:modified_time\" content=\"2025-02-05T13:16:36+00:00\" \/>\n<meta name=\"twitter:card\" content=\"summary_large_image\" \/>\n<script type=\"application\/ld+json\" class=\"yoast-schema-graph\">{\"@context\":\"https:\/\/schema.org\",\"@graph\":[{\"@type\":\"WebPage\",\"@id\":\"https:\/\/afos-dev.q-con.eu\/de\/impressum-2\/\",\"url\":\"https:\/\/afos-dev.q-con.eu\/de\/impressum-2\/\",\"name\":\"Impressum - Afosfoundation\",\"isPartOf\":{\"@id\":\"https:\/\/afos-dev.q-con.eu\/de\/#website\"},\"datePublished\":\"2022-08-02T07:46:57+00:00\",\"dateModified\":\"2025-02-05T13:16:36+00:00\",\"breadcrumb\":{\"@id\":\"https:\/\/afos-dev.q-con.eu\/de\/impressum-2\/#breadcrumb\"},\"inLanguage\":\"de-DE\",\"potentialAction\":[{\"@type\":\"ReadAction\",\"target\":[\"https:\/\/afos-dev.q-con.eu\/de\/impressum-2\/\"]}]},{\"@type\":\"BreadcrumbList\",\"@id\":\"https:\/\/afos-dev.q-con.eu\/de\/impressum-2\/#breadcrumb\",\"itemListElement\":[{\"@type\":\"ListItem\",\"position\":1,\"name\":\"Home\",\"item\":\"https:\/\/afos-dev.q-con.eu\/de\/\"},{\"@type\":\"ListItem\",\"position\":2,\"name\":\"Impressum\"}]},{\"@type\":\"WebSite\",\"@id\":\"https:\/\/afos-dev.q-con.eu\/de\/#website\",\"url\":\"https:\/\/afos-dev.q-con.eu\/de\/\",\"name\":\"Afosfoundation\",\"description\":\"Afosfoundation\",\"publisher\":{\"@id\":\"https:\/\/afos-dev.q-con.eu\/de\/#organization\"},\"potentialAction\":[{\"@type\":\"SearchAction\",\"target\":{\"@type\":\"EntryPoint\",\"urlTemplate\":\"https:\/\/afos-dev.q-con.eu\/de\/?s={search_term_string}\"},\"query-input\":\"required name=search_term_string\"}],\"inLanguage\":\"de-DE\"},{\"@type\":\"Organization\",\"@id\":\"https:\/\/afos-dev.q-con.eu\/de\/#organization\",\"name\":\"Afosfoundation\",\"url\":\"https:\/\/afos-dev.q-con.eu\/de\/\",\"sameAs\":[],\"logo\":{\"@type\":\"ImageObject\",\"inLanguage\":\"de-DE\",\"@id\":\"https:\/\/afos-dev.q-con.eu\/de\/#\/schema\/logo\/image\/\",\"url\":\"https:\/\/afos-dev.q-con.eu\/wp-content\/uploads\/2023\/02\/cropped-Logo-AFOS-Website-1-1.png\",\"contentUrl\":\"https:\/\/afos-dev.q-con.eu\/wp-content\/uploads\/2023\/02\/cropped-Logo-AFOS-Website-1-1.png\",\"width\":300,\"height\":217,\"caption\":\"Afosfoundation\"},\"image\":{\"@id\":\"https:\/\/afos-dev.q-con.eu\/de\/#\/schema\/logo\/image\/\"}}]}<\/script>\n<!-- \/ Yoast SEO plugin. -->","yoast_head_json":{"title":"Impressum - Afosfoundation","robots":{"index":"index","follow":"follow","max-snippet":"max-snippet:-1","max-image-preview":"max-image-preview:large","max-video-preview":"max-video-preview:-1"},"canonical":"https:\/\/afos-dev.q-con.eu\/de\/impressum-2\/","og_locale":"de_DE","og_type":"article","og_title":"Impressum - Afosfoundation","og_description":"Hinweis zur Website Informationen gem\u00e4\u00df Sect. 5 Deutsches Telemediengesetz (TMG) AFOS Stiftung f\u00fcr Unternehmerische Entwicklungszusammenarbeit Georgstra\u00dfe 18 50676 K\u00f6ln Vertreten durch: Bernhard Vester Dr. Hildegard Stausberg Joachim Els\u00e4sser Daniela Tscherpel Kontakt Telefon: +49 (0)221 93113892 E-Mail: info@afos-stiftung.de Aufsichtsbeh\u00f6rde Bezirksregierung K\u00f6ln 50606 K\u00f6ln Informationen zur Berufshaftpflichtversicherung Name und Gesch\u00e4ftssitz des Versicherers: VBG Verwaltungs-Berufsgenossenschaft Massaquoipassage 1 22305 [&hellip;]","og_url":"https:\/\/afos-dev.q-con.eu\/de\/impressum-2\/","og_site_name":"Afosfoundation","article_modified_time":"2025-02-05T13:16:36+00:00","twitter_card":"summary_large_image","schema":{"@context":"https:\/\/schema.org","@graph":[{"@type":"WebPage","@id":"https:\/\/afos-dev.q-con.eu\/de\/impressum-2\/","url":"https:\/\/afos-dev.q-con.eu\/de\/impressum-2\/","name":"Impressum - Afosfoundation","isPartOf":{"@id":"https:\/\/afos-dev.q-con.eu\/de\/#website"},"datePublished":"2022-08-02T07:46:57+00:00","dateModified":"2025-02-05T13:16:36+00:00","breadcrumb":{"@id":"https:\/\/afos-dev.q-con.eu\/de\/impressum-2\/#breadcrumb"},"inLanguage":"de-DE","potentialAction":[{"@type":"ReadAction","target":["https:\/\/afos-dev.q-con.eu\/de\/impressum-2\/"]}]},{"@type":"BreadcrumbList","@id":"https:\/\/afos-dev.q-con.eu\/de\/impressum-2\/#breadcrumb","itemListElement":[{"@type":"ListItem","position":1,"name":"Home","item":"https:\/\/afos-dev.q-con.eu\/de\/"},{"@type":"ListItem","position":2,"name":"Impressum"}]},{"@type":"WebSite","@id":"https:\/\/afos-dev.q-con.eu\/de\/#website","url":"https:\/\/afos-dev.q-con.eu\/de\/","name":"Afosfoundation","description":"Afosfoundation","publisher":{"@id":"https:\/\/afos-dev.q-con.eu\/de\/#organization"},"potentialAction":[{"@type":"SearchAction","target":{"@type":"EntryPoint","urlTemplate":"https:\/\/afos-dev.q-con.eu\/de\/?s={search_term_string}"},"query-input":"required name=search_term_string"}],"inLanguage":"de-DE"},{"@type":"Organization","@id":"https:\/\/afos-dev.q-con.eu\/de\/#organization","name":"Afosfoundation","url":"https:\/\/afos-dev.q-con.eu\/de\/","sameAs":[],"logo":{"@type":"ImageObject","inLanguage":"de-DE","@id":"https:\/\/afos-dev.q-con.eu\/de\/#\/schema\/logo\/image\/","url":"https:\/\/afos-dev.q-con.eu\/wp-content\/uploads\/2023\/02\/cropped-Logo-AFOS-Website-1-1.png","contentUrl":"https:\/\/afos-dev.q-con.eu\/wp-content\/uploads\/2023\/02\/cropped-Logo-AFOS-Website-1-1.png","width":300,"height":217,"caption":"Afosfoundation"},"image":{"@id":"https:\/\/afos-dev.q-con.eu\/de\/#\/schema\/logo\/image\/"}}]}},"_links":{"self":[{"href":"https:\/\/afos-dev.q-con.eu\/de\/wp-json\/wp\/v2\/pages\/3419"}],"collection":[{"href":"https:\/\/afos-dev.q-con.eu\/de\/wp-json\/wp\/v2\/pages"}],"about":[{"href":"https:\/\/afos-dev.q-con.eu\/de\/wp-json\/wp\/v2\/types\/page"}],"author":[{"embeddable":true,"href":"https:\/\/afos-dev.q-con.eu\/de\/wp-json\/wp\/v2\/users\/4"}],"replies":[{"embeddable":true,"href":"https:\/\/afos-dev.q-con.eu\/de\/wp-json\/wp\/v2\/comments?post=3419"}],"version-history":[{"count":0,"href":"https:\/\/afos-dev.q-con.eu\/de\/wp-json\/wp\/v2\/pages\/3419\/revisions"}],"wp:attachment":[{"href":"https:\/\/afos-dev.q-con.eu\/de\/wp-json\/wp\/v2\/media?parent=3419"}],"curies":[{"name":"wp","href":"https:\/\/api.w.org\/{rel}","templated":true}]}}